{"id":5285,"date":"2018-10-15T07:53:40","date_gmt":"2018-10-15T07:53:40","guid":{"rendered":"https:\/\/www.vectalia.es\/?page_id=5285"},"modified":"2018-10-15T07:53:40","modified_gmt":"2018-10-15T07:53:40","slug":"responsabilite-sociale-des-entreprises","status":"publish","type":"page","link":"https:\/\/vectalia.es\/fr\/responsabilite-sociale-des-entreprises\/","title":{"rendered":"Responsabilit\u00e9 Sociale des Entreprises"},"content":{"rendered":"<p class=\"lead\">Vectalia est la somme des parcours de plus de 43 soci\u00e9t\u00e9s qui l&rsquo;int\u00e8grent, chacune avec ses propres identit\u00e9s mais toujours guid\u00e9e par des valeurs communes : culture du service, fid\u00e9lit\u00e9 et honn\u00eatet\u00e9, rigueur et professionnalisme, cr\u00e9ativit\u00e9 et sens de l&rsquo;innovation, respect de l&rsquo;environnement et utilisation des nouvelles technologies pour faciliter la vie des personnes.<\/p>\n<p>Avec ces valeurs comme pilier fondamental, nous cherchons des actions pour contribuer activement et volontairement \u00e0 l&rsquo;am\u00e9lioration sociale, \u00e9conomique et environnementale. Cela nous a conduit \u00e0 collaborer dans diff\u00e9rents projets des institutions, associations et fondations suivantes :<\/p>\n<p>Mais quel est le sens de la responsabilit\u00e9 sociale du Groupe Vectalia ? Nous avons encore un certain nombre de d\u00e9fis \u00e0 relever :<\/p>\n<ul>\n<li>Volontariat Vectalia et cr\u00e9ation d&rsquo;une banque de temps<\/li>\n<li>Mesurer la satisfaction des clients avec Mistery Shopping<\/li>\n<li>Code de conduite des fournisseurs<\/li>\n<li>Approche des groupes impliqu\u00e9s dans la promotion de l&rsquo;Accessibilit\u00e9 Universelle<\/li>\n<li>Continuer \u00e0 rechercher l&rsquo;excellence dans le talent<\/li>\n<li>Certificat d&rsquo;entreprise familiale responsable (EFR)<\/li>\n<li>Cr\u00e9ation d&rsquo;un club d&rsquo;avantages sociaux pour les employ\u00e9s Vectalia<\/li>\n<li>Projet &laquo;&nbsp;Employ\u00e9 en bonne sant\u00e9&nbsp;&raquo;<\/li>\n<li>Plan d&rsquo;\u00e9conomie d&rsquo;\u00e9nergie<\/li>\n<li>Promouvoir la collaboration avec diff\u00e9rentes associations et ONG<\/li>\n<\/ul>\n\n<div class=\"twitter-share\"><a href=\"https:\/\/twitter.com\/intent\/tweet?via=vectalia\" class=\"twitter-share-button\">Tweet<\/a><\/div>\n","protected":false},"excerpt":{"rendered":"<p>Vectalia est la somme des parcours de plus de 43 soci\u00e9t\u00e9s qui l&rsquo;int\u00e8grent, chacune avec ses propres identit\u00e9s mais toujours guid\u00e9e par des valeurs communes : culture du service, fid\u00e9lit\u00e9 et honn\u00eatet\u00e9, rigueur et professionnalisme, cr\u00e9ativit\u00e9 et sens de l&rsquo;innovation, respect de l&rsquo;environnement et utilisation des nouvelles technologies pour faciliter la vie des personnes. Avec&#8230;  <a href=\"https:\/\/vectalia.es\/fr\/responsabilite-sociale-des-entreprises\/\" class=\"more-link\" title=\"Read Responsabilit\u00e9 Sociale des Entreprises\">Read more &raquo;<\/a><\/p>\n","protected":false},"author":15,"featured_media":0,"parent":0,"menu_order":0,"comment_status":"closed","ping_status":"closed","template":"","meta":[],"yoast_head":"<!-- This site is optimized with the Yoast SEO plugin v16.7 - https:\/\/yoast.com\/wordpress\/plugins\/seo\/ -->\n<meta name=\"robots\" content=\"index, follow, max-snippet:-1, max-image-preview:large, max-video-preview:-1\" \/>\n<link rel=\"canonical\" href=\"https:\/\/vectalia.es\/fr\/responsabilite-sociale-des-entreprises\/\" \/>\n<meta property=\"og:locale\" content=\"fr_FR\" \/>\n<meta property=\"og:type\" content=\"article\" \/>\n<meta property=\"og:title\" content=\"Responsabilit\u00e9 Sociale des Entreprises - Portail Vectalia\" \/>\n<meta property=\"og:description\" content=\"Vectalia est la somme des parcours de plus de 43 soci\u00e9t\u00e9s qui l&rsquo;int\u00e8grent, chacune avec ses propres identit\u00e9s mais toujours guid\u00e9e par des valeurs communes : culture du service, fid\u00e9lit\u00e9 et honn\u00eatet\u00e9, rigueur et professionnalisme, cr\u00e9ativit\u00e9 et sens de l&rsquo;innovation, respect de l&rsquo;environnement et utilisation des nouvelles technologies pour faciliter la vie des personnes. Avec... Read more &raquo;\" \/>\n<meta property=\"og:url\" content=\"https:\/\/vectalia.es\/fr\/responsabilite-sociale-des-entreprises\/\" \/>\n<meta property=\"og:site_name\" content=\"Portal Vectalia\" \/>\n<meta property=\"article:publisher\" content=\"https:\/\/www.facebook.com\/vectalia\/\" \/>\n<meta name=\"twitter:card\" content=\"summary\" \/>\n<meta name=\"twitter:site\" content=\"@vectalia\" \/>\n<meta name=\"twitter:label1\" content=\"Est. reading time\" \/>\n\t<meta name=\"twitter:data1\" content=\"1 minute\" \/>\n<script type=\"application\/ld+json\" class=\"yoast-schema-graph\">{\"@context\":\"https:\/\/schema.org\",\"@graph\":[{\"@type\":\"Organization\",\"@id\":\"https:\/\/vectalia.es\/en\/#organization\",\"name\":\"Vectalia\",\"url\":\"https:\/\/vectalia.es\/en\/\",\"sameAs\":[\"https:\/\/www.facebook.com\/vectalia\/\",\"https:\/\/www.instagram.com\/vectalia.official\",\"https:\/\/es.linkedin.com\/company\/vectalia\",\"https:\/\/www.youtube.com\/channel\/UC9v-5s3NwMhAmhsTLhuPkjg\",\"https:\/\/twitter.com\/vectalia\"],\"logo\":{\"@type\":\"ImageObject\",\"@id\":\"https:\/\/vectalia.es\/en\/#logo\",\"inLanguage\":\"fr-FR\",\"url\":\"https:\/\/vectalia.es\/wp\/wp-content\/uploads\/2018\/08\/Vectalia-corporacion-empresarial.png\",\"contentUrl\":\"https:\/\/vectalia.es\/wp\/wp-content\/uploads\/2018\/08\/Vectalia-corporacion-empresarial.png\",\"width\":1843,\"height\":1252,\"caption\":\"Vectalia\"},\"image\":{\"@id\":\"https:\/\/vectalia.es\/en\/#logo\"}},{\"@type\":\"WebSite\",\"@id\":\"https:\/\/vectalia.es\/en\/#website\",\"url\":\"https:\/\/vectalia.es\/en\/\",\"name\":\"Portal Vectalia\",\"description\":\"\",\"publisher\":{\"@id\":\"https:\/\/vectalia.es\/en\/#organization\"},\"potentialAction\":[{\"@type\":\"SearchAction\",\"target\":{\"@type\":\"EntryPoint\",\"urlTemplate\":\"https:\/\/vectalia.es\/en\/?s={search_term_string}\"},\"query-input\":\"required name=search_term_string\"}],\"inLanguage\":\"fr-FR\"},{\"@type\":\"WebPage\",\"@id\":\"https:\/\/vectalia.es\/fr\/responsabilite-sociale-des-entreprises\/#webpage\",\"url\":\"https:\/\/vectalia.es\/fr\/responsabilite-sociale-des-entreprises\/\",\"name\":\"Responsabilit\\u00e9 Sociale des Entreprises - Portail Vectalia\",\"isPartOf\":{\"@id\":\"https:\/\/vectalia.es\/en\/#website\"},\"datePublished\":\"2018-10-15T07:53:40+00:00\",\"dateModified\":\"2018-10-15T07:53:40+00:00\",\"breadcrumb\":{\"@id\":\"https:\/\/vectalia.es\/fr\/responsabilite-sociale-des-entreprises\/#breadcrumb\"},\"inLanguage\":\"fr-FR\",\"potentialAction\":[{\"@type\":\"ReadAction\",\"target\":[\"https:\/\/vectalia.es\/fr\/responsabilite-sociale-des-entreprises\/\"]}]},{\"@type\":\"BreadcrumbList\",\"@id\":\"https:\/\/vectalia.es\/fr\/responsabilite-sociale-des-entreprises\/#breadcrumb\",\"itemListElement\":[{\"@type\":\"ListItem\",\"position\":1,\"name\":\"Inicio\",\"item\":\"https:\/\/vectalia.es\/fr\/\"},{\"@type\":\"ListItem\",\"position\":2,\"name\":\"Responsabilit\\u00e9 Sociale des Entreprises\"}]}]}<\/script>\n<!-- \/ Yoast SEO plugin. -->","yoast_head_json":{"robots":{"index":"index","follow":"follow","max-snippet":"max-snippet:-1","max-image-preview":"max-image-preview:large","max-video-preview":"max-video-preview:-1"},"canonical":"https:\/\/vectalia.es\/fr\/responsabilite-sociale-des-entreprises\/","og_locale":"fr_FR","og_type":"article","og_title":"Responsabilit\u00e9 Sociale des Entreprises - Portail Vectalia","og_description":"Vectalia est la somme des parcours de plus de 43 soci\u00e9t\u00e9s qui l&rsquo;int\u00e8grent, chacune avec ses propres identit\u00e9s mais toujours guid\u00e9e par des valeurs communes : culture du service, fid\u00e9lit\u00e9 et honn\u00eatet\u00e9, rigueur et professionnalisme, cr\u00e9ativit\u00e9 et sens de l&rsquo;innovation, respect de l&rsquo;environnement et utilisation des nouvelles technologies pour faciliter la vie des personnes. Avec... Read more &raquo;","og_url":"https:\/\/vectalia.es\/fr\/responsabilite-sociale-des-entreprises\/","og_site_name":"Portal Vectalia","article_publisher":"https:\/\/www.facebook.com\/vectalia\/","twitter_card":"summary","twitter_site":"@vectalia","twitter_misc":{"Est. reading time":"1 minute"},"schema":{"@context":"https:\/\/schema.org","@graph":[{"@type":"Organization","@id":"https:\/\/vectalia.es\/en\/#organization","name":"Vectalia","url":"https:\/\/vectalia.es\/en\/","sameAs":["https:\/\/www.facebook.com\/vectalia\/","https:\/\/www.instagram.com\/vectalia.official","https:\/\/es.linkedin.com\/company\/vectalia","https:\/\/www.youtube.com\/channel\/UC9v-5s3NwMhAmhsTLhuPkjg","https:\/\/twitter.com\/vectalia"],"logo":{"@type":"ImageObject","@id":"https:\/\/vectalia.es\/en\/#logo","inLanguage":"fr-FR","url":"https:\/\/vectalia.es\/wp\/wp-content\/uploads\/2018\/08\/Vectalia-corporacion-empresarial.png","contentUrl":"https:\/\/vectalia.es\/wp\/wp-content\/uploads\/2018\/08\/Vectalia-corporacion-empresarial.png","width":1843,"height":1252,"caption":"Vectalia"},"image":{"@id":"https:\/\/vectalia.es\/en\/#logo"}},{"@type":"WebSite","@id":"https:\/\/vectalia.es\/en\/#website","url":"https:\/\/vectalia.es\/en\/","name":"Portal Vectalia","description":"","publisher":{"@id":"https:\/\/vectalia.es\/en\/#organization"},"potentialAction":[{"@type":"SearchAction","target":{"@type":"EntryPoint","urlTemplate":"https:\/\/vectalia.es\/en\/?s={search_term_string}"},"query-input":"required name=search_term_string"}],"inLanguage":"fr-FR"},{"@type":"WebPage","@id":"https:\/\/vectalia.es\/fr\/responsabilite-sociale-des-entreprises\/#webpage","url":"https:\/\/vectalia.es\/fr\/responsabilite-sociale-des-entreprises\/","name":"Responsabilit\u00e9 Sociale des Entreprises - Portail Vectalia","isPartOf":{"@id":"https:\/\/vectalia.es\/en\/#website"},"datePublished":"2018-10-15T07:53:40+00:00","dateModified":"2018-10-15T07:53:40+00:00","breadcrumb":{"@id":"https:\/\/vectalia.es\/fr\/responsabilite-sociale-des-entreprises\/#breadcrumb"},"inLanguage":"fr-FR","potentialAction":[{"@type":"ReadAction","target":["https:\/\/vectalia.es\/fr\/responsabilite-sociale-des-entreprises\/"]}]},{"@type":"BreadcrumbList","@id":"https:\/\/vectalia.es\/fr\/responsabilite-sociale-des-entreprises\/#breadcrumb","itemListElement":[{"@type":"ListItem","position":1,"name":"Inicio","item":"https:\/\/vectalia.es\/fr\/"},{"@type":"ListItem","position":2,"name":"Responsabilit\u00e9 Sociale des Entreprises"}]}]}},"_links":{"self":[{"href":"https:\/\/vectalia.es\/fr\/wp-json\/wp\/v2\/pages\/5285"}],"collection":[{"href":"https:\/\/vectalia.es\/fr\/wp-json\/wp\/v2\/pages"}],"about":[{"href":"https:\/\/vectalia.es\/fr\/wp-json\/wp\/v2\/types\/page"}],"author":[{"embeddable":true,"href":"https:\/\/vectalia.es\/fr\/wp-json\/wp\/v2\/users\/15"}],"replies":[{"embeddable":true,"href":"https:\/\/vectalia.es\/fr\/wp-json\/wp\/v2\/comments?post=5285"}],"version-history":[{"count":2,"href":"https:\/\/vectalia.es\/fr\/wp-json\/wp\/v2\/pages\/5285\/revisions"}],"predecessor-version":[{"id":5759,"href":"https:\/\/vectalia.es\/fr\/wp-json\/wp\/v2\/pages\/5285\/revisions\/5759"}],"wp:attachment":[{"href":"https:\/\/vectalia.es\/fr\/wp-json\/wp\/v2\/media?parent=5285"}],"curies":[{"name":"wp","href":"https:\/\/api.w.org\/{rel}","templated":true}]}}