{"id":5265,"date":"2018-10-15T07:51:51","date_gmt":"2018-10-15T07:51:51","guid":{"rendered":"https:\/\/www.vectalia.es\/?page_id=5265"},"modified":"2018-10-22T12:55:28","modified_gmt":"2018-10-22T12:55:28","slug":"politique-de-confidentialite","status":"publish","type":"page","link":"https:\/\/vectalia.es\/fr\/politique-de-confidentialite\/","title":{"rendered":"Politique de confidentialit\u00e9"},"content":{"rendered":"<ol>\n<li>Introduction<\/li>\n<\/ol>\n<p class=\"lead\">La pr\u00e9sente Politique de Confidentialit\u00e9 (ci-apr\u00e8s la Politique de Confidentialit\u00e9), a pour but d&rsquo;informer les utilisateurs qui visitent notre site web sur les conditions que le Groupe Vectalia applique aux donn\u00e9es personnelles trait\u00e9es, ainsi que les droits qui leur sont accord\u00e9s (d\u00e9tenteurs des donn\u00e9es) et la mani\u00e8re dont ils peuvent les exercer.<\/p>\n<ol start=\"2\">\n<li>Responsable\u00a0du\u00a0Traitement des\u00a0Donn\u00e9es<\/li>\n<\/ol>\n<p>Le groupe d&rsquo;entreprises Vectalia en tant que responsable du traitement des donn\u00e9es \u00e0 caract\u00e8re personnel, dispose des informations d&rsquo;identification et de contact suivantes :<\/p>\n<ol>\n<li><strong>Identit\u00e9 du Responsable :<\/strong>\u00a0Groupe d&rsquo;entreprises Vectalia<\/li>\n<li><strong>NIF\/CIF :<\/strong>\u00a0<strong>A03002094<\/strong><\/li>\n<li><strong>Inscrite au Registre du Commerce d&rsquo;Alicante<\/strong>\u00a0<strong>\u00a0Tome 711, Livre 289, Section 3\u00aa, Folio 45, Feuille n\u00ba 5716, Inscription 1e<\/strong><\/li>\n<li><strong>Adresse :<\/strong>\u00a0<strong>\u00a0Avda. de Denia, 155<\/strong><\/li>\n<li><strong>E-mail :<\/strong>\u00a0cliente@vectalia.es<\/li>\n<li><strong>URL:\u00a0<\/strong><a href=\"http:\/\/www.emtmadrid.es\/\"><strong>www.vectalia.es<\/strong><\/a><\/li>\n<\/ol>\n<ol start=\"3\">\n<li>D\u00e9l\u00e9gu\u00e9 \u00e0 la protection des donn\u00e9es<\/li>\n<\/ol>\n<p>Les coordonn\u00e9es du D\u00e9l\u00e9gu\u00e9 \u00e0 la protection des donn\u00e9es du Groupe Vectalia sont :<\/p>\n<p><strong>Adresse :<\/strong>\u00a0C\/ Aparisci 14<br \/>\n<strong>E-mail :<\/strong>\u00a0cliente@vectalia.es<\/p>\n<p>4. Traitement des donn\u00e9es<br \/>\nLe Groupe Vectalia s&rsquo;engage \u00e0 traiter vos donn\u00e9es de mani\u00e8re confidentielle et conform\u00e9ment aux exigences pr\u00e9vues par la l\u00e9gislation d&rsquo;application en mati\u00e8re de protection des donn\u00e9es, en particulier le r\u00e8glement 2016\/679 du Parlement europ\u00e9en et du Conseil du 27 avril 2016 relatif \u00e0 la protection des personnes physiques \u00e0 l&rsquo;\u00e9gard du traitement des donn\u00e9es \u00e0 caract\u00e8re personnel et \u00e0 leur circulation (RGPD), Loi Organique 15\/1999, du 13 d\u00e9cembre, de Protection des Donn\u00e9es \u00e0 Caract\u00e8re Personnel (LOPD) et de sa norme de d\u00e9veloppement, ainsi que la Loi 34\/2002, du 11 juillet, de Services de la Soci\u00e9t\u00e9 de l&rsquo;Information et Commerce Electronique (LSSI).<\/p>\n<p>Les donn\u00e9es \u00e0 caract\u00e8re personnel sont trait\u00e9es \u00e9quitablement, licitement et de mani\u00e8re transparente \u00e0 l&rsquo;\u00e9gard de la personne concern\u00e9e et sont collect\u00e9es \u00e0 des fins sp\u00e9cifiques, explicites et l\u00e9gitimes, et ne peuvent donc pas \u00eatre trait\u00e9es d&rsquo;une mani\u00e8re incompatible avec ces fins.<\/p>\n<p>Les donn\u00e9es recueillies aupr\u00e8s de chaque personne concern\u00e9e sont ad\u00e9quates, pertinentes et non excessives au regard des finalit\u00e9s pertinentes pour chaque cas et sont mises \u00e0 jour si n\u00e9cessaire.<\/p>\n<p>Lorsque cela est obligatoire en vertu de la l\u00e9gislation applicable, le consentement des personnes concern\u00e9es doit \u00eatre obtenu avant de recueillir leurs donn\u00e9es.<\/p>\n<p><strong>4.1. Droits des personnes concern\u00e9es<\/strong><\/p>\n<p>Toute partie int\u00e9ress\u00e9e peut retirer son consentement \u00e0 tout moment lorsqu&rsquo;il a \u00e9t\u00e9 accord\u00e9 pour le traitement de ses donn\u00e9es. En aucun cas le retrait de ce consentement ne conditionne l&rsquo;ex\u00e9cution des contrats auxquels il a adh\u00e9r\u00e9 ou les relations g\u00e9n\u00e9r\u00e9es pr\u00e9c\u00e9demment.<\/p>\n<p>Dans le cas de communications commerciales, les personnes int\u00e9ress\u00e9es peuvent retirer automatiquement leur consentement en acc\u00e9dant au lien ou en cochant la case dans chacune de ces communications, ou en utilisant le formulaire correspondant dans les applications ou pages web.<\/p>\n<p>L&rsquo;int\u00e9ress\u00e9 peut \u00e9galement r\u00e9voquer le consentement donn\u00e9 et exercer ses droits d&rsquo;acc\u00e8s, de rectification, de suppression, d&rsquo;opposition, de portabilit\u00e9 et de limitation et, en g\u00e9n\u00e9ral, pour toute question relative au traitement de ses donn\u00e9es personnelles, consulter le d\u00e9l\u00e9gu\u00e9 \u00e0 la protection des donn\u00e9es, en lui envoyant un e-mail \u00e0 <a href=\"mailto:cliente@vectalia.es\">cliente@vectalia.es<\/a>\u00a0(\u00c0 l&rsquo;attention du D\u00e9l\u00e9gu\u00e9 \u00e0 la protection des donn\u00e9es \u2013 Secr\u00e9tariat g\u00e9n\u00e9ral), ou par courrier.<\/p>\n<p>Vous pouvez \u00e9galement adresser votre demande ou votre question au d\u00e9l\u00e9gu\u00e9 \u00e0 la protection des donn\u00e9es du Groupe Vectalia,\u00a0notamment s&rsquo;il estime ne pas avoir obtenu pleine satisfaction dans l&rsquo;exercice de ses droits, en envoyant un courrier \u00e9lectronique \u00e0 <a href=\"mailto:cliente@vectalia.es\">cliente@vectalia.es<\/a>, soit par courrier en joignant une copie du document prouvant votre identit\u00e9 ou votre repr\u00e9sentation.<\/p>\n<p>Vous pouvez \u00e9galement d\u00e9poser une plainte aupr\u00e8s de l&rsquo;Agence espagnole de protection des donn\u00e9es, pour laquelle elle dispose des informations n\u00e9cessaires ici :\u00a0<a href=\"http:\/\/www.agpd.es\/\">http:\/\/www.agpd.es<\/a>.<\/p>\n<p><strong>4.2.\u00a0Dur\u00e9e\u00a0de conservation des donn\u00e9es<\/strong><br \/>\nLes donn\u00e9es personnelles trait\u00e9es seront conserv\u00e9es aussi longtemps qu&rsquo;elles sont n\u00e9cessaires pour r\u00e9pondre \u00e0 la finalit\u00e9 pour laquelle elles ont \u00e9t\u00e9 recueillies, puis pendant les p\u00e9riodes de conservation l\u00e9galement requises afin de faire face aux \u00e9ventuelles responsabilit\u00e9s qui peuvent d\u00e9couler de cette fin et du traitement des donn\u00e9es, pendant lesquelles elles resteront bloqu\u00e9es, \u00e9tant tenues \u00e0 la seule disposition des administrations publiques et des juges et tribunaux, pour faire face \u00e0 ces responsabilit\u00e9s. Une fois ces d\u00e9lais respect\u00e9s, les donn\u00e9es seront d\u00e9truites.<\/p>\n<p><strong>4.3. Finalit\u00e9s, l\u00e9gitimit\u00e9, destinataires et origine des donn\u00e9es<\/strong><br \/>\nLes donn\u00e9es personnelles dont Vectalia est responsable du traitement proviennent de diff\u00e9rentes sources, telles que d\u00e9crites dans la pr\u00e9sente Politique de confidentialit\u00e9, aux fins indiqu\u00e9es ci-dessous, dans la mesure o\u00f9 il existe une base l\u00e9gale pour chaque traitement.<br \/>\n<strong>Formulaire APPbus<\/strong><\/p>\n<p>Finalit\u00e9 : G\u00e9rer l&rsquo;abonnement pour l&rsquo;envoi de communications contenant des informations sur les incidents et des informations relatives au service Vectalia en fonction de la situation g\u00e9ographique de l&rsquo;int\u00e9ress\u00e9.<\/p>\n<p>L\u00e9gitimation : Le consentement de l&rsquo;int\u00e9ress\u00e9 lors de l&rsquo;inscription \u00e0 l&rsquo;envoi d&rsquo;informations par le biais de notre formulaire.<\/p>\n<p>Destinataires : Aucune donn\u00e9e ne sera c\u00e9d\u00e9e \u00e0 des tiers, sauf en cas d&rsquo;obligations l\u00e9gales.<\/p>\n<p><strong>Formulaire de suggestions et de plaintes<\/strong><br \/>\nFinalit\u00e9 : G\u00e9rer et r\u00e9soudre les suggestions et r\u00e9clamations que vous nous faites parvenir via le formulaire sur le site web du groupe.<\/p>\n<p>L\u00e9gitimation : Le consentement de la personne concern\u00e9e.<\/p>\n<p>Destinataires : Aucune donn\u00e9e ne sera c\u00e9d\u00e9e \u00e0 des tiers, \u00e0 l&rsquo;exception des obligations l\u00e9gales.<\/p>\n<p><strong>Formulaire de questions et remerciements<\/strong><\/p>\n<p>Finalit\u00e9 : G\u00e9rer les requ\u00eates ou accus\u00e9s de r\u00e9ception qui nous sont adress\u00e9s par le formulaire sur le site Internet du groupe.<br \/>\nL\u00e9gitimation : Le consentement de la personne concern\u00e9e au traitement de sa demande.<\/p>\n<p>Destinataires : Aucune donn\u00e9e ne sera c\u00e9d\u00e9e \u00e0 des tiers, sauf en cas d&rsquo;obligations l\u00e9gales.<\/p>\n<p><strong>Formulaire d&rsquo;inscription \u00e0 une offre d&#8217;emploi<\/strong><br \/>\nFinalit\u00e9 : G\u00e9rer la participation spontan\u00e9e des candidats aux processus de s\u00e9lection du personnel du Groupe Vectalia et aux futures offres d&#8217;emploi et\/ou postes vacants qui pourraient se pr\u00e9senter.<br \/>\nL\u00e9gitimation : Le consentement de la personne concern\u00e9e.<\/p>\n<p>Destinataires : Aucune donn\u00e9e ne sera c\u00e9d\u00e9e \u00e0 des tiers, sauf en cas d&rsquo;obligations l\u00e9gales.<br \/>\n<strong>Portail des employ\u00e9s<\/strong><\/p>\n<p>Finalit\u00e9 : G\u00e9rer la diffusion d&rsquo;informations et de services d&rsquo;int\u00e9r\u00eat pour les employ\u00e9s du Groupe Vectalia, y compris l&rsquo;acc\u00e8s aux informations personnelles, comme les fiches de paie, les certificats de revenus et les retenues \u00e0 la source, ou le contr\u00f4le fichage, etc.<\/p>\n<p>L\u00e9gitimation : L&rsquo;ex\u00e9cution d&rsquo;un contrat auquel l&rsquo;int\u00e9ress\u00e9 est partie et l&rsquo;int\u00e9r\u00eat l\u00e9gitime du Groupe Vectalia.<\/p>\n<p>Destinataires : Aucune donn\u00e9e ne sera c\u00e9d\u00e9e \u00e0 des tiers, \u00e0 l&rsquo;exception des obligations l\u00e9gales.<\/p>\n<p><strong>R\u00e9seaux sociaux<\/strong><br \/>\nFinalit\u00e9 : G\u00e9rer l&rsquo;enregistrement des utilisateurs et les demandes qu&rsquo;ils peuvent soumettre via les r\u00e9seaux sociaux, g\u00e9rer la pr\u00e9sence du Groupe Vectalia dans les r\u00e9seaux sociaux, rendre compte des activit\u00e9s, produits ou services, et toute autre finalit\u00e9 autoris\u00e9e par la r\u00e9glementation des r\u00e9seaux sociaux (Twitter, Fecebook, Instagram, YouTube). En aucun cas, les comptes ou profils des adeptes ou utilisateurs des r\u00e9seaux sociaux ne seront utilis\u00e9s pour envoyer des communications commerciales individuellement.<\/p>\n<p>L\u00e9gitimation : Le consentement de la personne concern\u00e9e.<\/p>\n<p>Destinataires : Aucune donn\u00e9e ne sera c\u00e9d\u00e9e \u00e0 des tiers, sauf en cas d&rsquo;obligations l\u00e9gales.<\/p>\n<p>&nbsp;<\/p>\n<ol start=\"5\">\n<li>Donn\u00e9es de navigation et politique d&rsquo;utilisation des cookies<\/li>\n<\/ol>\n<p>Les visites sur le site Internet du Groupe Vectalia se font de mani\u00e8re anonyme. Ce n&rsquo;est que dans le cas o\u00f9 l&rsquo;utilisateur acc\u00e8de \u00e0 l&rsquo;un des services du site qui disposent de gestion ou de proc\u00e9dure sp\u00e9cifique qu&rsquo;il devra fournir des donn\u00e9es personnelles essentielles pour la prestation du service demand\u00e9.<\/p>\n<p>Le Groupe Vectalia n&rsquo;utilise pas de cookies pour recueillir des informations aupr\u00e8s des utilisateurs et n&rsquo;enregistre pas d&rsquo;adresses IP d&rsquo;acc\u00e8s. Seuls des cookies de session propres sont utilis\u00e9s \u00e0 des fins techniques (ceux qui permettent \u00e0 l&rsquo;utilisateur de naviguer sur le site web et d&rsquo;utiliser les diff\u00e9rentes options et services qui existent dans celui-ci).<br \/>\nLe site web contient des liens vers des sites web de tiers, dont les politiques de confidentialit\u00e9 sont \u00e9trang\u00e8res \u00e0 celle-ci. En acc\u00e9dant \u00e0 ces sites web, vous pouvez d\u00e9cider d&rsquo;accepter ou non leurs politiques de confidentialit\u00e9 et de cookies. En g\u00e9n\u00e9ral, si vous surfez sur Internet, vous pouvez accepter ou refuser les cookies de tiers \u00e0 partir des options de configuration de votre navigateur<\/p>\n<ol start=\"6\">\n<li>Mineurs<\/li>\n<\/ol>\n<p>Si vous avez moins de quatorze ans et que vous avez acc\u00e9d\u00e9 \u00e0 ce site sans en informer vos parents ou tuteurs, ne remplissez aucun formulaire et ne nous fournissez pas de donn\u00e9es personnelles par tout autre moyen.<\/p>\n<ol start=\"7\">\n<li>Donn\u00e9es fournies par l&rsquo;utilisateur<\/li>\n<\/ol>\n<p>Les donn\u00e9es personnelles demand\u00e9es dans les formulaires sont n\u00e9cessaires pour g\u00e9rer vos demandes et \/ ou fournir les services qui font l&rsquo;objet du contrat, si vous ne les fournissez pas ou n&rsquo;acceptez pas cette politique de confidentialit\u00e9, nous ne pourrons ni vous r\u00e9pondre correctement ni fournir le service demand\u00e9.<\/p>\n<p>Il est important, pour que nous puissions mettre \u00e0 jour vos donn\u00e9es personnelles, que vous nous informiez chaque fois qu&rsquo;elles ont \u00e9t\u00e9 modifi\u00e9es.<\/p>\n<p>Les donn\u00e9es fournies par l&rsquo;int\u00e9ress\u00e9 sont pr\u00e9sum\u00e9es exactes et, par cons\u00e9quent, en cas d&rsquo;erreur, le Groupe Vectalia d\u00e9cline toute responsabilit\u00e9 en cas de mauvaise ex\u00e9cution ou de non-ex\u00e9cution de ses demandes ou du contrat auquel il a adh\u00e9r\u00e9.<\/p>\n<p>Les donn\u00e9es fournies par l&rsquo;int\u00e9ress\u00e9 sont pr\u00e9sum\u00e9es exactes et, par cons\u00e9quent, en cas d&rsquo;erreur, le Groupe Vectalia d\u00e9cline toute responsabilit\u00e9 en cas de mauvaise ex\u00e9cution ou de non-ex\u00e9cution de ses demandes ou du contrat auquel il a adh\u00e9r\u00e9.<\/p>\n<p>Nous ne sommes pas responsables de la politique de confidentialit\u00e9 en ce qui concerne les donn\u00e9es personnelles que vous pouvez fournir \u00e0 des tiers via les liens disponibles sur notre site.<\/p>\n<p>8. Cat\u00e9gories sp\u00e9ciales de donn\u00e9es<br \/>\nVous ne devez pas nous fournir dans les champs de texte libre des formulaires de notre site web ou de nos applications des donn\u00e9es personnelles qui peuvent \u00eatre consid\u00e9r\u00e9es comme sp\u00e9cialement prot\u00e9g\u00e9es, telles que des donn\u00e9es personnelles r\u00e9v\u00e9lant la race, l&rsquo;origine ethnique ou raciale, les opinions politiques, les convictions religieuses ou philosophiques ou l&rsquo;appartenance syndicale, des donn\u00e9es g\u00e9n\u00e9tiques, biom\u00e9triques ou relatives \u00e0 la sant\u00e9 physique ou mentale, la vie sexuelle, l&rsquo;orientation sexuelle ou des donn\u00e9es relatives \u00e0 une condamnation ou des infractions p\u00e9nales.<\/p>\n<p>Si le Groupe Vectalia a besoin \u00e0 tout moment de ces informations, il demandera le consentement expr\u00e8s du propri\u00e9taire de ces donn\u00e9es (par le biais d&rsquo;une d\u00e9claration ou d&rsquo;une action expresse) pour collecter et utiliser ces informations en lui indiquant, pr\u00e9alablement et sans \u00e9quivoque, le but du traitement et la collecte des informations en question.<\/p>\n<p>Dans l&rsquo;hypoth\u00e8se o\u00f9, sans avoir \u00e9t\u00e9 sollicit\u00e9es par le Groupe Vectalia, ces informations seraient communiqu\u00e9es volontairement par l&rsquo;utilisateur \u00e0 ladite entit\u00e9, cette communication impliquerait un acte explicite de l&rsquo;utilisateur qui impliquerait l&rsquo;existence d&rsquo;une manifestation de consentement explicite de l&rsquo;utilisateur \u00e0 l&rsquo;\u00e9gard du traitement de ses donn\u00e9es par le Groupe Vectalia.<\/p>\n<ol start=\"8\">\n<li>Modification de la politique de confidentialit\u00e9<\/li>\n<\/ol>\n<p>Cette politique de confidentialit\u00e9 peut varier en fonction des exigences l\u00e9gislatives ou d&rsquo;autor\u00e9gulation, et il est donc conseill\u00e9 aux utilisateurs de notre site web de la consulter p\u00e9riodiquement et, dans tous les cas, chaque fois qu&rsquo;ils nous fournissent leurs donn\u00e9es (la derni\u00e8re modification a \u00e9t\u00e9 apport\u00e9e le 25 mai 2018).<\/p>\n<div class=\"Mu SP\" title=\"22 de marzo de 2018, 11:10:19 UTC+1\" data-tooltip=\"22 de marzo de 2018, 11:10:19 UTC+1\"><\/div>\n<p><strong>R\u00e9f\u00e9rence :\u00a0Donn\u00e9es Personnelles<\/strong><br \/>\n<strong>Apdo. de Correos 491<\/strong><br \/>\n<strong>03014 \u2013 Alicante<\/strong><\/p>\n\n<div class=\"twitter-share\"><a href=\"https:\/\/twitter.com\/intent\/tweet?via=vectalia\" class=\"twitter-share-button\">Tweet<\/a><\/div>\n","protected":false},"excerpt":{"rendered":"<p>Introduction La pr\u00e9sente Politique de Confidentialit\u00e9 (ci-apr\u00e8s la Politique de Confidentialit\u00e9), a pour but d&rsquo;informer les utilisateurs qui visitent notre site web sur les conditions que le Groupe Vectalia applique aux donn\u00e9es personnelles trait\u00e9es, ainsi que les droits qui leur sont accord\u00e9s (d\u00e9tenteurs des donn\u00e9es) et la mani\u00e8re dont ils peuvent les exercer. Responsable\u00a0du\u00a0Traitement des\u00a0Donn\u00e9es&#8230;  <a href=\"https:\/\/vectalia.es\/fr\/politique-de-confidentialite\/\" class=\"more-link\" title=\"Read Politique de confidentialit\u00e9\">Read more &raquo;<\/a><\/p>\n","protected":false},"author":15,"featured_media":0,"parent":0,"menu_order":0,"comment_status":"closed","ping_status":"closed","template":"","meta":[],"yoast_head":"<!-- This site is optimized with the Yoast SEO plugin v16.7 - https:\/\/yoast.com\/wordpress\/plugins\/seo\/ -->\n<meta name=\"robots\" content=\"noindex, follow\" \/>\n<meta property=\"og:locale\" content=\"fr_FR\" \/>\n<meta property=\"og:type\" content=\"article\" \/>\n<meta property=\"og:title\" content=\"Politique de confidentialit\u00e9 - Portail Vectalia\" \/>\n<meta property=\"og:description\" content=\"Introduction La pr\u00e9sente Politique de Confidentialit\u00e9 (ci-apr\u00e8s la Politique de Confidentialit\u00e9), a pour but d&rsquo;informer les utilisateurs qui visitent notre site web sur les conditions que le Groupe Vectalia applique aux donn\u00e9es personnelles trait\u00e9es, ainsi que les droits qui leur sont accord\u00e9s (d\u00e9tenteurs des donn\u00e9es) et la mani\u00e8re dont ils peuvent les exercer. Responsable\u00a0du\u00a0Traitement des\u00a0Donn\u00e9es... Read more &raquo;\" \/>\n<meta property=\"og:url\" content=\"https:\/\/vectalia.es\/fr\/politique-de-confidentialite\/\" \/>\n<meta property=\"og:site_name\" content=\"Portal Vectalia\" \/>\n<meta property=\"article:publisher\" content=\"https:\/\/www.facebook.com\/vectalia\/\" \/>\n<meta property=\"article:modified_time\" content=\"2018-10-22T12:55:28+00:00\" \/>\n<meta name=\"twitter:card\" content=\"summary\" \/>\n<meta name=\"twitter:site\" content=\"@vectalia\" \/>\n<meta name=\"twitter:label1\" content=\"Est. reading time\" \/>\n\t<meta name=\"twitter:data1\" content=\"10 minutes\" \/>\n<script type=\"application\/ld+json\" class=\"yoast-schema-graph\">{\"@context\":\"https:\/\/schema.org\",\"@graph\":[{\"@type\":\"Organization\",\"@id\":\"https:\/\/vectalia.es\/en\/#organization\",\"name\":\"Vectalia\",\"url\":\"https:\/\/vectalia.es\/en\/\",\"sameAs\":[\"https:\/\/www.facebook.com\/vectalia\/\",\"https:\/\/www.instagram.com\/vectalia.official\",\"https:\/\/es.linkedin.com\/company\/vectalia\",\"https:\/\/www.youtube.com\/channel\/UC9v-5s3NwMhAmhsTLhuPkjg\",\"https:\/\/twitter.com\/vectalia\"],\"logo\":{\"@type\":\"ImageObject\",\"@id\":\"https:\/\/vectalia.es\/en\/#logo\",\"inLanguage\":\"fr-FR\",\"url\":\"https:\/\/vectalia.es\/wp\/wp-content\/uploads\/2018\/08\/Vectalia-corporacion-empresarial.png\",\"contentUrl\":\"https:\/\/vectalia.es\/wp\/wp-content\/uploads\/2018\/08\/Vectalia-corporacion-empresarial.png\",\"width\":1843,\"height\":1252,\"caption\":\"Vectalia\"},\"image\":{\"@id\":\"https:\/\/vectalia.es\/en\/#logo\"}},{\"@type\":\"WebSite\",\"@id\":\"https:\/\/vectalia.es\/en\/#website\",\"url\":\"https:\/\/vectalia.es\/en\/\",\"name\":\"Portal Vectalia\",\"description\":\"\",\"publisher\":{\"@id\":\"https:\/\/vectalia.es\/en\/#organization\"},\"potentialAction\":[{\"@type\":\"SearchAction\",\"target\":{\"@type\":\"EntryPoint\",\"urlTemplate\":\"https:\/\/vectalia.es\/en\/?s={search_term_string}\"},\"query-input\":\"required name=search_term_string\"}],\"inLanguage\":\"fr-FR\"},{\"@type\":\"WebPage\",\"@id\":\"https:\/\/vectalia.es\/fr\/politique-de-confidentialite\/#webpage\",\"url\":\"https:\/\/vectalia.es\/fr\/politique-de-confidentialite\/\",\"name\":\"Politique de confidentialit\\u00e9 - Portail Vectalia\",\"isPartOf\":{\"@id\":\"https:\/\/vectalia.es\/en\/#website\"},\"datePublished\":\"2018-10-15T07:51:51+00:00\",\"dateModified\":\"2018-10-22T12:55:28+00:00\",\"breadcrumb\":{\"@id\":\"https:\/\/vectalia.es\/fr\/politique-de-confidentialite\/#breadcrumb\"},\"inLanguage\":\"fr-FR\",\"potentialAction\":[{\"@type\":\"ReadAction\",\"target\":[\"https:\/\/vectalia.es\/fr\/politique-de-confidentialite\/\"]}]},{\"@type\":\"BreadcrumbList\",\"@id\":\"https:\/\/vectalia.es\/fr\/politique-de-confidentialite\/#breadcrumb\",\"itemListElement\":[{\"@type\":\"ListItem\",\"position\":1,\"name\":\"Inicio\",\"item\":\"https:\/\/vectalia.es\/fr\/\"},{\"@type\":\"ListItem\",\"position\":2,\"name\":\"Politique de confidentialit\\u00e9\"}]}]}<\/script>\n<!-- \/ Yoast SEO plugin. -->","yoast_head_json":{"robots":{"index":"noindex","follow":"follow"},"og_locale":"fr_FR","og_type":"article","og_title":"Politique de confidentialit\u00e9 - Portail Vectalia","og_description":"Introduction La pr\u00e9sente Politique de Confidentialit\u00e9 (ci-apr\u00e8s la Politique de Confidentialit\u00e9), a pour but d&rsquo;informer les utilisateurs qui visitent notre site web sur les conditions que le Groupe Vectalia applique aux donn\u00e9es personnelles trait\u00e9es, ainsi que les droits qui leur sont accord\u00e9s (d\u00e9tenteurs des donn\u00e9es) et la mani\u00e8re dont ils peuvent les exercer. Responsable\u00a0du\u00a0Traitement des\u00a0Donn\u00e9es... Read more &raquo;","og_url":"https:\/\/vectalia.es\/fr\/politique-de-confidentialite\/","og_site_name":"Portal Vectalia","article_publisher":"https:\/\/www.facebook.com\/vectalia\/","article_modified_time":"2018-10-22T12:55:28+00:00","twitter_card":"summary","twitter_site":"@vectalia","twitter_misc":{"Est. reading time":"10 minutes"},"schema":{"@context":"https:\/\/schema.org","@graph":[{"@type":"Organization","@id":"https:\/\/vectalia.es\/en\/#organization","name":"Vectalia","url":"https:\/\/vectalia.es\/en\/","sameAs":["https:\/\/www.facebook.com\/vectalia\/","https:\/\/www.instagram.com\/vectalia.official","https:\/\/es.linkedin.com\/company\/vectalia","https:\/\/www.youtube.com\/channel\/UC9v-5s3NwMhAmhsTLhuPkjg","https:\/\/twitter.com\/vectalia"],"logo":{"@type":"ImageObject","@id":"https:\/\/vectalia.es\/en\/#logo","inLanguage":"fr-FR","url":"https:\/\/vectalia.es\/wp\/wp-content\/uploads\/2018\/08\/Vectalia-corporacion-empresarial.png","contentUrl":"https:\/\/vectalia.es\/wp\/wp-content\/uploads\/2018\/08\/Vectalia-corporacion-empresarial.png","width":1843,"height":1252,"caption":"Vectalia"},"image":{"@id":"https:\/\/vectalia.es\/en\/#logo"}},{"@type":"WebSite","@id":"https:\/\/vectalia.es\/en\/#website","url":"https:\/\/vectalia.es\/en\/","name":"Portal Vectalia","description":"","publisher":{"@id":"https:\/\/vectalia.es\/en\/#organization"},"potentialAction":[{"@type":"SearchAction","target":{"@type":"EntryPoint","urlTemplate":"https:\/\/vectalia.es\/en\/?s={search_term_string}"},"query-input":"required name=search_term_string"}],"inLanguage":"fr-FR"},{"@type":"WebPage","@id":"https:\/\/vectalia.es\/fr\/politique-de-confidentialite\/#webpage","url":"https:\/\/vectalia.es\/fr\/politique-de-confidentialite\/","name":"Politique de confidentialit\u00e9 - Portail Vectalia","isPartOf":{"@id":"https:\/\/vectalia.es\/en\/#website"},"datePublished":"2018-10-15T07:51:51+00:00","dateModified":"2018-10-22T12:55:28+00:00","breadcrumb":{"@id":"https:\/\/vectalia.es\/fr\/politique-de-confidentialite\/#breadcrumb"},"inLanguage":"fr-FR","potentialAction":[{"@type":"ReadAction","target":["https:\/\/vectalia.es\/fr\/politique-de-confidentialite\/"]}]},{"@type":"BreadcrumbList","@id":"https:\/\/vectalia.es\/fr\/politique-de-confidentialite\/#breadcrumb","itemListElement":[{"@type":"ListItem","position":1,"name":"Inicio","item":"https:\/\/vectalia.es\/fr\/"},{"@type":"ListItem","position":2,"name":"Politique de confidentialit\u00e9"}]}]}},"_links":{"self":[{"href":"https:\/\/vectalia.es\/fr\/wp-json\/wp\/v2\/pages\/5265"}],"collection":[{"href":"https:\/\/vectalia.es\/fr\/wp-json\/wp\/v2\/pages"}],"about":[{"href":"https:\/\/vectalia.es\/fr\/wp-json\/wp\/v2\/types\/page"}],"author":[{"embeddable":true,"href":"https:\/\/vectalia.es\/fr\/wp-json\/wp\/v2\/users\/15"}],"replies":[{"embeddable":true,"href":"https:\/\/vectalia.es\/fr\/wp-json\/wp\/v2\/comments?post=5265"}],"version-history":[{"count":5,"href":"https:\/\/vectalia.es\/fr\/wp-json\/wp\/v2\/pages\/5265\/revisions"}],"predecessor-version":[{"id":6037,"href":"https:\/\/vectalia.es\/fr\/wp-json\/wp\/v2\/pages\/5265\/revisions\/6037"}],"wp:attachment":[{"href":"https:\/\/vectalia.es\/fr\/wp-json\/wp\/v2\/media?parent=5265"}],"curies":[{"name":"wp","href":"https:\/\/api.w.org\/{rel}","templated":true}]}}