{"id":5263,"date":"2018-10-15T07:50:14","date_gmt":"2018-10-15T07:50:14","guid":{"rendered":"https:\/\/www.vectalia.es\/?page_id=5263"},"modified":"2018-10-22T12:53:01","modified_gmt":"2018-10-22T12:53:01","slug":"politique-dutilisation-des-cookies","status":"publish","type":"page","link":"https:\/\/vectalia.es\/fr\/politique-dutilisation-des-cookies\/","title":{"rendered":"Politique d&rsquo;utilisation des cookies"},"content":{"rendered":"<p class=\"lead\"><b>Politique d&rsquo;utilisation des cookies<\/b><\/p>\n<p>Ce site utilise des cookies et des cookies de tiers pour vous offrir une meilleure exp\u00e9rience et un meilleur service. En naviguant ou en utilisant nos services, vous acceptez notre utilisation de cookies. Cependant, l&rsquo;utilisateur a la possibilit\u00e9 d&#8217;emp\u00eacher la g\u00e9n\u00e9ration de cookies et leur \u00e9limination en s\u00e9lectionnant l&rsquo;option correspondante dans son navigateur. En bloquant l&rsquo;utilisation des cookies dans votre navigateur, il est possible que certains services ou fonctions du site ne soient pas disponibles.<\/p>\n<p><b>Qu&rsquo;est-ce qu&rsquo;un\u00a0cookie ?<\/b><\/p>\n<p>Un cookie est un petit fichier texte que les sites web envoient au navigateur et stockent sur le terminal de l&rsquo;utilisateur, qui peut \u00eatre un ordinateur personnel, un t\u00e9l\u00e9phone portable, une tablette, etc. Ces fichiers permettent au site web de se rappeler des informations sur votre visite, telles que la langue et les options pr\u00e9f\u00e9r\u00e9es, ce qui peut faciliter votre prochaine visite et rendre le site plus utile en personnalisant son contenu. Les cookies jouent un r\u00f4le tr\u00e8s important dans l&rsquo;am\u00e9lioration de l&rsquo;exp\u00e9rience de navigation.<\/p>\n<p><b>Utilisation des cookies<\/b><\/p>\n<p>En naviguant sur ce site, l&rsquo;utilisateur accepte que des cookies puissent s&rsquo;installer sur son terminal et qu&rsquo;ils nous permettent de conna\u00eetre les informations suivantes :<\/p>\n<p>&#8211; Informations statistiques sur l&rsquo;utilisation du site web.<\/p>\n<p>&#8211; Le &lsquo;login&rsquo; de l&rsquo;utilisateur pour garder la session active sur le web.<\/p>\n<p>&#8211; Le format web pr\u00e9f\u00e9r\u00e9 pour l&rsquo;acc\u00e8s \u00e0 partir d&rsquo;appareils mobiles.<\/p>\n<p>&#8211; Les derni\u00e8res recherches effectu\u00e9es sur les services web et les donn\u00e9es de personnalisation de ces services.<\/p>\n<p>&#8211; Informations sur les annonces affich\u00e9es \u00e0 l&rsquo;utilisateur.<\/p>\n<p>&#8211; Informations sur les enqu\u00eates auxquelles l&rsquo;utilisateur a particip\u00e9.<\/p>\n<p>&#8211; Donn\u00e9es de connexion aux r\u00e9seaux sociaux pour les utilisateurs se connectant avec leur utilisateur Facebook ou Twitter.<\/p>\n<p><b>Types de cookies utilis\u00e9s<\/b><\/p>\n<p>Ce Site web utilise \u00e0 la fois des cookies de session temporaires et des cookies permanents. Les cookies de session stockent des donn\u00e9es uniquement pendant que l&rsquo;utilisateur acc\u00e8de au site web et les cookies permanents stockent des donn\u00e9es dans le terminal afin qu&rsquo;il puisse y acc\u00e9der et les utiliser pendant plus d&rsquo;une session.<\/p>\n<p>En fonction de la finalit\u00e9 pour laquelle les donn\u00e9es obtenues par le biais des cookies sont trait\u00e9es, le Site web peut utiliser :<\/p>\n<p><b><i>Cookies\u00a0techniques<\/i><\/b><\/p>\n<p>Ce sont ceux qui permettent \u00e0 l&rsquo;utilisateur de naviguer \u00e0 travers la page web ou l&rsquo;application et l&rsquo;utilisation des diff\u00e9rentes options ou services qui existent dans celle-ci. Par exemple, contr\u00f4ler le trafic et la communication des donn\u00e9es, identifier la session, acc\u00e9der \u00e0 des parties restreintes du Site web, retenir les \u00e9l\u00e9ments qui composent une commande, faire la demande d&rsquo;inscription ou de participation \u00e0 un \u00e9v\u00e9nement, utiliser des \u00e9l\u00e9ments de s\u00e9curit\u00e9 pendant la navigation et stocker du contenu pour diffuser des vid\u00e9os ou du son.<\/p>\n<p><b><i>Cookies de\u00a0personnalisation<\/i><\/b><\/p>\n<p>Ce sont ceux qui permettent \u00e0 l&rsquo;utilisateur d&rsquo;acc\u00e9der au service avec certaines caract\u00e9ristiques g\u00e9n\u00e9rales pr\u00e9d\u00e9finies dans le terminal ou que l&rsquo;utilisateur d\u00e9finit. Par exemple, la langue, le type de navigateur par lequel vous acc\u00e9dez au service, la conception du contenu s\u00e9lectionn\u00e9, la g\u00e9olocalisation du terminal et la configuration r\u00e9gionale \u00e0 partir de laquelle vous acc\u00e9dez au service.<\/p>\n<p><b><i>Cookies\u00a0publicitaires<\/i><\/b><\/p>\n<p>Il s&rsquo;agit de ceux qui permettent la gestion efficace des espaces publicitaires qui ont \u00e9t\u00e9 inclus dans le site web ou l&rsquo;application \u00e0 partir de laquelle le service est fourni. Ils permettent d&rsquo;adapter le contenu de la publicit\u00e9 pour qu&rsquo;il soit pertinent pour l&rsquo;utilisateur et d&rsquo;\u00e9viter d&rsquo;afficher des annonces que l&rsquo;utilisateur a d\u00e9j\u00e0 vu.<\/p>\n<p><em><strong>Cookies d&rsquo;analyse statistique<\/strong><\/em><\/p>\n<p>Ce sont ceux qui permettent le suivi et l&rsquo;analyse du comportement des utilisateurs sur les sites web. Les informations recueillies par ce type de cookie sont utilis\u00e9es pour mesurer l&rsquo;activit\u00e9 des sites web, des applications ou des plates-formes et pour l&rsquo;\u00e9laboration de profils de navigation des utilisateurs de ces sites, afin d&rsquo;am\u00e9liorer le service en fonction de l&rsquo;utilisation des donn\u00e9es faite par les utilisateurs.<\/p>\n<p><b><i>Cookies de\u00a0tiers<\/i><\/b><\/p>\n<p>Dans certaines pages web peuvent s&rsquo;installer des cookies de tiers qui permettent de g\u00e9rer et d&rsquo;am\u00e9liorer les services offerts. Par exemple, les services statistiques de Google Analytics.<\/p>\n<p><strong><em>Comment puis-je g\u00e9rer les cookies dans mon navigateur ?<\/em><\/strong><\/p>\n<p>L&rsquo;utilisateur a la possibilit\u00e9 d&rsquo;autoriser, de bloquer ou de supprimer les cookies install\u00e9s sur son ordinateur en configurant les options du navigateur install\u00e9 sur son terminal :<\/p>\n<p>Pour d\u00e9finir les autorisations relatives aux cookies dans le navigateur<strong> Google Chrome\u00a0<\/strong>:<\/p>\n<p>&#8211; Cliquez sur le menu de la barre d&rsquo;outils.<\/p>\n<p>&#8211;\u00a0S\u00e9lectionnez\u00a0<b>Configuration.<\/b><\/p>\n<p>&#8211; Cliquez sur <strong>Afficher les options avanc\u00e9es<\/strong><b>.<\/b><\/p>\n<p>&#8211; Dans la section &laquo;&nbsp;Confidentialit\u00e9&nbsp;&raquo;, cliquez sur le bouton <strong>Param\u00e8tres du contenu<\/strong>.<\/p>\n<p>&#8211; Dans la section &laquo;&nbsp;Cookies&nbsp;&raquo;, vous pouvez configurer les options.<\/p>\n<p>Pour d\u00e9finir les autorisations relatives aux cookies dans le navigateur <strong>Mozilla Firefox<\/strong> :<\/p>\n<p>&#8211; En haut de la fen\u00eatre Firefox, cliquez sur le menu <strong>Outils<\/strong>.<\/p>\n<p>&#8211; S\u00e9lectionnez <strong>Options<\/strong>.<\/p>\n<p>&#8211; S\u00e9lectionnez le panneau <strong>Confidentialit\u00e9<\/strong>.<\/p>\n<p>&#8211; Dans l&rsquo;option <strong>Firefox<\/strong>, vous pouvez choisir <strong>Utiliser une configuration personnalis\u00e9e pour l&rsquo;historique<\/strong> pour configurer les options.<\/p>\n<p>*\u00a0<a href=\"https:\/\/support.mozilla.org\/es\/kb\/cookies-informacion-que-los-sitios-web-guardan-en-?esab=a&amp;s=adminstracion+de+cookies&amp;r=2&amp;as=s\" target=\"_blank\" rel=\"noopener noreferrer\"><b>Plus d&rsquo;informations sur Mozilla Firefox<\/b><\/a>.<\/p>\n<p>Pour d\u00e9finir les autorisations relatives aux cookies dans<strong> Internet Explorer 9<\/strong> :<\/p>\n<p>&#8211; En haut de la fen\u00eatre Internet Explorer, cliquez sur le menu <strong>Outils<\/strong>.<\/p>\n<p>&#8211; S\u00e9lectionnez l&rsquo;onglet <strong>S\u00e9curit\u00e9<\/strong> et utilisez l&rsquo;option <strong>Supprimer l&rsquo;historique de navigatio<\/strong>n pour supprimer les cookies. Cochez la case Cookies, puis cliquez sur Supprimer.<\/p>\n<p>&#8211; S\u00e9lectionnez l&rsquo;onglet <strong>S\u00e9curit\u00e9<\/strong> et utilisez le bouton <strong>Param\u00e8tres<\/strong> pour d\u00e9placer le curseur vers le haut pour bloquer tous les cookies ou vers le bas pour autoriser tous les cookies. Cliquez ensuite sur <strong>Accepter<\/strong>.<\/p>\n<p>* <a href=\"http:\/\/windows.microsoft.com\/es-es\/windows7\/how-to-manage-cookies-in-internet-explorer-9\" target=\"_blank\" rel=\"noopener noreferrer\"><b>Plus d&rsquo;informations sur Internet Explorer 9<\/b><\/a><b>.<\/b><\/p>\n<p>Si vous bloquez l&rsquo;utilisation des cookies dans votre navigateur, il est possible que certains services ou fonctions du site web ne soient pas disponibles.<\/p>\n<p>Dans certains navigateurs, vous pouvez d\u00e9finir des r\u00e8gles sp\u00e9cifiques pour la gestion des cookies par site web, ce qui vous donne un contr\u00f4le plus pr\u00e9cis sur la confidentialit\u00e9. Cela signifie que vous pouvez d\u00e9sactiver les cookies sur tous les sites sauf ceux en lesquels vous avez confiance.<\/p>\n<p>En ce qui concerne les donn\u00e9es \u00e0 caract\u00e8re personnel recueillies de la mani\u00e8re indiqu\u00e9e pr\u00e9c\u00e9demment, vous pouvez exercer vos droits d&rsquo;acc\u00e8s, de rectification, d&rsquo;opposition et d&rsquo;annulation en vertu de la loi 15\/1999, en envoyant une demande \u00e9crite sign\u00e9e accompagn\u00e9e d&rsquo;une photocopie de votre carte d&rsquo;identit\u00e9 nationale \u00e0 l&rsquo;adresse suivante, Autobuses Playa de San Juan, S.A.<\/p>\n<p><strong>R\u00e9f\u00e9rence :\u00a0Donn\u00e9s personnelles<\/strong><br \/>\n<strong>Apdo. de Correos 491<\/strong><br \/>\n<strong>03014 \u2013 Alicante<\/strong><\/p>\n\n<div class=\"twitter-share\"><a href=\"https:\/\/twitter.com\/intent\/tweet?via=vectalia\" class=\"twitter-share-button\">Tweet<\/a><\/div>\n","protected":false},"excerpt":{"rendered":"<p>Politique d&rsquo;utilisation des cookies Ce site utilise des cookies et des cookies de tiers pour vous offrir une meilleure exp\u00e9rience et un meilleur service. En naviguant ou en utilisant nos services, vous acceptez notre utilisation de cookies. Cependant, l&rsquo;utilisateur a la possibilit\u00e9 d&#8217;emp\u00eacher la g\u00e9n\u00e9ration de cookies et leur \u00e9limination en s\u00e9lectionnant l&rsquo;option correspondante dans&#8230;  <a href=\"https:\/\/vectalia.es\/fr\/politique-dutilisation-des-cookies\/\" class=\"more-link\" title=\"Read Politique d&rsquo;utilisation des cookies\">Read more &raquo;<\/a><\/p>\n","protected":false},"author":15,"featured_media":0,"parent":0,"menu_order":0,"comment_status":"closed","ping_status":"closed","template":"","meta":[],"yoast_head":"<!-- This site is optimized with the Yoast SEO plugin v16.7 - https:\/\/yoast.com\/wordpress\/plugins\/seo\/ -->\n<meta name=\"robots\" content=\"index, follow, max-snippet:-1, max-image-preview:large, max-video-preview:-1\" \/>\n<link rel=\"canonical\" href=\"https:\/\/vectalia.es\/fr\/politique-dutilisation-des-cookies\/\" \/>\n<meta property=\"og:locale\" content=\"fr_FR\" \/>\n<meta property=\"og:type\" content=\"article\" \/>\n<meta property=\"og:title\" content=\"Politique d&#039;utilisation des cookies - Portail Vectalia\" \/>\n<meta property=\"og:description\" content=\"Politique d&rsquo;utilisation des cookies Ce site utilise des cookies et des cookies de tiers pour vous offrir une meilleure exp\u00e9rience et un meilleur service. En naviguant ou en utilisant nos services, vous acceptez notre utilisation de cookies. Cependant, l&rsquo;utilisateur a la possibilit\u00e9 d&#8217;emp\u00eacher la g\u00e9n\u00e9ration de cookies et leur \u00e9limination en s\u00e9lectionnant l&rsquo;option correspondante dans... Read more &raquo;\" \/>\n<meta property=\"og:url\" content=\"https:\/\/vectalia.es\/fr\/politique-dutilisation-des-cookies\/\" \/>\n<meta property=\"og:site_name\" content=\"Portal Vectalia\" \/>\n<meta property=\"article:publisher\" content=\"https:\/\/www.facebook.com\/vectalia\/\" \/>\n<meta property=\"article:modified_time\" content=\"2018-10-22T12:53:01+00:00\" \/>\n<meta name=\"twitter:card\" content=\"summary\" \/>\n<meta name=\"twitter:site\" content=\"@vectalia\" \/>\n<meta name=\"twitter:label1\" content=\"Est. reading time\" \/>\n\t<meta name=\"twitter:data1\" content=\"6 minutes\" \/>\n<script type=\"application\/ld+json\" class=\"yoast-schema-graph\">{\"@context\":\"https:\/\/schema.org\",\"@graph\":[{\"@type\":\"Organization\",\"@id\":\"https:\/\/vectalia.es\/en\/#organization\",\"name\":\"Vectalia\",\"url\":\"https:\/\/vectalia.es\/en\/\",\"sameAs\":[\"https:\/\/www.facebook.com\/vectalia\/\",\"https:\/\/www.instagram.com\/vectalia.official\",\"https:\/\/es.linkedin.com\/company\/vectalia\",\"https:\/\/www.youtube.com\/channel\/UC9v-5s3NwMhAmhsTLhuPkjg\",\"https:\/\/twitter.com\/vectalia\"],\"logo\":{\"@type\":\"ImageObject\",\"@id\":\"https:\/\/vectalia.es\/en\/#logo\",\"inLanguage\":\"fr-FR\",\"url\":\"https:\/\/vectalia.es\/wp\/wp-content\/uploads\/2018\/08\/Vectalia-corporacion-empresarial.png\",\"contentUrl\":\"https:\/\/vectalia.es\/wp\/wp-content\/uploads\/2018\/08\/Vectalia-corporacion-empresarial.png\",\"width\":1843,\"height\":1252,\"caption\":\"Vectalia\"},\"image\":{\"@id\":\"https:\/\/vectalia.es\/en\/#logo\"}},{\"@type\":\"WebSite\",\"@id\":\"https:\/\/vectalia.es\/en\/#website\",\"url\":\"https:\/\/vectalia.es\/en\/\",\"name\":\"Portal Vectalia\",\"description\":\"\",\"publisher\":{\"@id\":\"https:\/\/vectalia.es\/en\/#organization\"},\"potentialAction\":[{\"@type\":\"SearchAction\",\"target\":{\"@type\":\"EntryPoint\",\"urlTemplate\":\"https:\/\/vectalia.es\/en\/?s={search_term_string}\"},\"query-input\":\"required name=search_term_string\"}],\"inLanguage\":\"fr-FR\"},{\"@type\":\"WebPage\",\"@id\":\"https:\/\/vectalia.es\/fr\/politique-dutilisation-des-cookies\/#webpage\",\"url\":\"https:\/\/vectalia.es\/fr\/politique-dutilisation-des-cookies\/\",\"name\":\"Politique d'utilisation des cookies - Portail Vectalia\",\"isPartOf\":{\"@id\":\"https:\/\/vectalia.es\/en\/#website\"},\"datePublished\":\"2018-10-15T07:50:14+00:00\",\"dateModified\":\"2018-10-22T12:53:01+00:00\",\"breadcrumb\":{\"@id\":\"https:\/\/vectalia.es\/fr\/politique-dutilisation-des-cookies\/#breadcrumb\"},\"inLanguage\":\"fr-FR\",\"potentialAction\":[{\"@type\":\"ReadAction\",\"target\":[\"https:\/\/vectalia.es\/fr\/politique-dutilisation-des-cookies\/\"]}]},{\"@type\":\"BreadcrumbList\",\"@id\":\"https:\/\/vectalia.es\/fr\/politique-dutilisation-des-cookies\/#breadcrumb\",\"itemListElement\":[{\"@type\":\"ListItem\",\"position\":1,\"name\":\"Inicio\",\"item\":\"https:\/\/vectalia.es\/fr\/\"},{\"@type\":\"ListItem\",\"position\":2,\"name\":\"Politique d&rsquo;utilisation des cookies\"}]}]}<\/script>\n<!-- \/ Yoast SEO plugin. -->","yoast_head_json":{"robots":{"index":"index","follow":"follow","max-snippet":"max-snippet:-1","max-image-preview":"max-image-preview:large","max-video-preview":"max-video-preview:-1"},"canonical":"https:\/\/vectalia.es\/fr\/politique-dutilisation-des-cookies\/","og_locale":"fr_FR","og_type":"article","og_title":"Politique d'utilisation des cookies - Portail Vectalia","og_description":"Politique d&rsquo;utilisation des cookies Ce site utilise des cookies et des cookies de tiers pour vous offrir une meilleure exp\u00e9rience et un meilleur service. En naviguant ou en utilisant nos services, vous acceptez notre utilisation de cookies. Cependant, l&rsquo;utilisateur a la possibilit\u00e9 d&#8217;emp\u00eacher la g\u00e9n\u00e9ration de cookies et leur \u00e9limination en s\u00e9lectionnant l&rsquo;option correspondante dans... Read more &raquo;","og_url":"https:\/\/vectalia.es\/fr\/politique-dutilisation-des-cookies\/","og_site_name":"Portal Vectalia","article_publisher":"https:\/\/www.facebook.com\/vectalia\/","article_modified_time":"2018-10-22T12:53:01+00:00","twitter_card":"summary","twitter_site":"@vectalia","twitter_misc":{"Est. reading time":"6 minutes"},"schema":{"@context":"https:\/\/schema.org","@graph":[{"@type":"Organization","@id":"https:\/\/vectalia.es\/en\/#organization","name":"Vectalia","url":"https:\/\/vectalia.es\/en\/","sameAs":["https:\/\/www.facebook.com\/vectalia\/","https:\/\/www.instagram.com\/vectalia.official","https:\/\/es.linkedin.com\/company\/vectalia","https:\/\/www.youtube.com\/channel\/UC9v-5s3NwMhAmhsTLhuPkjg","https:\/\/twitter.com\/vectalia"],"logo":{"@type":"ImageObject","@id":"https:\/\/vectalia.es\/en\/#logo","inLanguage":"fr-FR","url":"https:\/\/vectalia.es\/wp\/wp-content\/uploads\/2018\/08\/Vectalia-corporacion-empresarial.png","contentUrl":"https:\/\/vectalia.es\/wp\/wp-content\/uploads\/2018\/08\/Vectalia-corporacion-empresarial.png","width":1843,"height":1252,"caption":"Vectalia"},"image":{"@id":"https:\/\/vectalia.es\/en\/#logo"}},{"@type":"WebSite","@id":"https:\/\/vectalia.es\/en\/#website","url":"https:\/\/vectalia.es\/en\/","name":"Portal Vectalia","description":"","publisher":{"@id":"https:\/\/vectalia.es\/en\/#organization"},"potentialAction":[{"@type":"SearchAction","target":{"@type":"EntryPoint","urlTemplate":"https:\/\/vectalia.es\/en\/?s={search_term_string}"},"query-input":"required name=search_term_string"}],"inLanguage":"fr-FR"},{"@type":"WebPage","@id":"https:\/\/vectalia.es\/fr\/politique-dutilisation-des-cookies\/#webpage","url":"https:\/\/vectalia.es\/fr\/politique-dutilisation-des-cookies\/","name":"Politique d'utilisation des cookies - Portail Vectalia","isPartOf":{"@id":"https:\/\/vectalia.es\/en\/#website"},"datePublished":"2018-10-15T07:50:14+00:00","dateModified":"2018-10-22T12:53:01+00:00","breadcrumb":{"@id":"https:\/\/vectalia.es\/fr\/politique-dutilisation-des-cookies\/#breadcrumb"},"inLanguage":"fr-FR","potentialAction":[{"@type":"ReadAction","target":["https:\/\/vectalia.es\/fr\/politique-dutilisation-des-cookies\/"]}]},{"@type":"BreadcrumbList","@id":"https:\/\/vectalia.es\/fr\/politique-dutilisation-des-cookies\/#breadcrumb","itemListElement":[{"@type":"ListItem","position":1,"name":"Inicio","item":"https:\/\/vectalia.es\/fr\/"},{"@type":"ListItem","position":2,"name":"Politique d&rsquo;utilisation des cookies"}]}]}},"_links":{"self":[{"href":"https:\/\/vectalia.es\/fr\/wp-json\/wp\/v2\/pages\/5263"}],"collection":[{"href":"https:\/\/vectalia.es\/fr\/wp-json\/wp\/v2\/pages"}],"about":[{"href":"https:\/\/vectalia.es\/fr\/wp-json\/wp\/v2\/types\/page"}],"author":[{"embeddable":true,"href":"https:\/\/vectalia.es\/fr\/wp-json\/wp\/v2\/users\/15"}],"replies":[{"embeddable":true,"href":"https:\/\/vectalia.es\/fr\/wp-json\/wp\/v2\/comments?post=5263"}],"version-history":[{"count":5,"href":"https:\/\/vectalia.es\/fr\/wp-json\/wp\/v2\/pages\/5263\/revisions"}],"predecessor-version":[{"id":6036,"href":"https:\/\/vectalia.es\/fr\/wp-json\/wp\/v2\/pages\/5263\/revisions\/6036"}],"wp:attachment":[{"href":"https:\/\/vectalia.es\/fr\/wp-json\/wp\/v2\/media?parent=5263"}],"curies":[{"name":"wp","href":"https:\/\/api.w.org\/{rel}","templated":true}]}}