{"id":5239,"date":"2018-10-15T07:39:02","date_gmt":"2018-10-15T07:39:02","guid":{"rendered":"https:\/\/www.vectalia.es\/?page_id=5239"},"modified":"2019-12-17T16:28:13","modified_gmt":"2019-12-17T16:28:13","slug":"entreprises-du-groupe","status":"publish","type":"page","link":"https:\/\/vectalia.es\/fr\/entreprises-du-groupe\/","title":{"rendered":"Entreprises du groupe"},"content":{"rendered":"<p class=\"lead\">L&rsquo;activit\u00e9 de Vectalia est diversifi\u00e9e dans diff\u00e9rents secteurs d&rsquo;activit\u00e9 et, en m\u00eame temps, elle op\u00e8re dans diff\u00e9rentes r\u00e9gions d&rsquo;Espagne, de France et du Maroc. Ci-dessous, les soci\u00e9t\u00e9s qui composent le groupe.<\/p>\n\n<div class=\"twitter-share\"><a href=\"https:\/\/twitter.com\/intent\/tweet?via=vectalia\" class=\"twitter-share-button\">Tweet<\/a><\/div>\n","protected":false},"excerpt":{"rendered":"<p>L&rsquo;activit\u00e9 de Vectalia est diversifi\u00e9e dans diff\u00e9rents secteurs d&rsquo;activit\u00e9 et, en m\u00eame temps, elle op\u00e8re dans diff\u00e9rentes r\u00e9gions d&rsquo;Espagne, de France et du Maroc. Ci-dessous, les soci\u00e9t\u00e9s qui composent le groupe.<\/p>\n","protected":false},"author":15,"featured_media":0,"parent":0,"menu_order":0,"comment_status":"closed","ping_status":"closed","template":"","meta":[],"yoast_head":"<!-- This site is optimized with the Yoast SEO plugin v16.7 - https:\/\/yoast.com\/wordpress\/plugins\/seo\/ -->\n<meta name=\"robots\" content=\"index, follow, max-snippet:-1, max-image-preview:large, max-video-preview:-1\" \/>\n<link rel=\"canonical\" href=\"https:\/\/vectalia.es\/fr\/entreprises-du-groupe\/\" \/>\n<meta property=\"og:locale\" content=\"fr_FR\" \/>\n<meta property=\"og:type\" content=\"article\" \/>\n<meta property=\"og:title\" content=\"Entreprises du groupe - Portail Vectalia\" \/>\n<meta property=\"og:description\" content=\"L&rsquo;activit\u00e9 de Vectalia est diversifi\u00e9e dans diff\u00e9rents secteurs d&rsquo;activit\u00e9 et, en m\u00eame temps, elle op\u00e8re dans diff\u00e9rentes r\u00e9gions d&rsquo;Espagne, de France et du Maroc. Ci-dessous, les soci\u00e9t\u00e9s qui composent le groupe.\" \/>\n<meta property=\"og:url\" content=\"https:\/\/vectalia.es\/fr\/entreprises-du-groupe\/\" \/>\n<meta property=\"og:site_name\" content=\"Portal Vectalia\" \/>\n<meta property=\"article:publisher\" content=\"https:\/\/www.facebook.com\/vectalia\/\" \/>\n<meta property=\"article:modified_time\" content=\"2019-12-17T16:28:13+00:00\" \/>\n<meta name=\"twitter:card\" content=\"summary\" \/>\n<meta name=\"twitter:site\" content=\"@vectalia\" \/>\n<script type=\"application\/ld+json\" class=\"yoast-schema-graph\">{\"@context\":\"https:\/\/schema.org\",\"@graph\":[{\"@type\":\"Organization\",\"@id\":\"https:\/\/vectalia.es\/en\/#organization\",\"name\":\"Vectalia\",\"url\":\"https:\/\/vectalia.es\/en\/\",\"sameAs\":[\"https:\/\/www.facebook.com\/vectalia\/\",\"https:\/\/www.instagram.com\/vectalia.official\",\"https:\/\/es.linkedin.com\/company\/vectalia\",\"https:\/\/www.youtube.com\/channel\/UC9v-5s3NwMhAmhsTLhuPkjg\",\"https:\/\/twitter.com\/vectalia\"],\"logo\":{\"@type\":\"ImageObject\",\"@id\":\"https:\/\/vectalia.es\/en\/#logo\",\"inLanguage\":\"fr-FR\",\"url\":\"https:\/\/vectalia.es\/wp\/wp-content\/uploads\/2018\/08\/Vectalia-corporacion-empresarial.png\",\"contentUrl\":\"https:\/\/vectalia.es\/wp\/wp-content\/uploads\/2018\/08\/Vectalia-corporacion-empresarial.png\",\"width\":1843,\"height\":1252,\"caption\":\"Vectalia\"},\"image\":{\"@id\":\"https:\/\/vectalia.es\/en\/#logo\"}},{\"@type\":\"WebSite\",\"@id\":\"https:\/\/vectalia.es\/en\/#website\",\"url\":\"https:\/\/vectalia.es\/en\/\",\"name\":\"Portal Vectalia\",\"description\":\"\",\"publisher\":{\"@id\":\"https:\/\/vectalia.es\/en\/#organization\"},\"potentialAction\":[{\"@type\":\"SearchAction\",\"target\":{\"@type\":\"EntryPoint\",\"urlTemplate\":\"https:\/\/vectalia.es\/en\/?s={search_term_string}\"},\"query-input\":\"required name=search_term_string\"}],\"inLanguage\":\"fr-FR\"},{\"@type\":\"WebPage\",\"@id\":\"https:\/\/vectalia.es\/fr\/entreprises-du-groupe\/#webpage\",\"url\":\"https:\/\/vectalia.es\/fr\/entreprises-du-groupe\/\",\"name\":\"Entreprises du groupe - Portail Vectalia\",\"isPartOf\":{\"@id\":\"https:\/\/vectalia.es\/en\/#website\"},\"datePublished\":\"2018-10-15T07:39:02+00:00\",\"dateModified\":\"2019-12-17T16:28:13+00:00\",\"breadcrumb\":{\"@id\":\"https:\/\/vectalia.es\/fr\/entreprises-du-groupe\/#breadcrumb\"},\"inLanguage\":\"fr-FR\",\"potentialAction\":[{\"@type\":\"ReadAction\",\"target\":[\"https:\/\/vectalia.es\/fr\/entreprises-du-groupe\/\"]}]},{\"@type\":\"BreadcrumbList\",\"@id\":\"https:\/\/vectalia.es\/fr\/entreprises-du-groupe\/#breadcrumb\",\"itemListElement\":[{\"@type\":\"ListItem\",\"position\":1,\"name\":\"Inicio\",\"item\":\"https:\/\/vectalia.es\/fr\/\"},{\"@type\":\"ListItem\",\"position\":2,\"name\":\"Entreprises du groupe\"}]}]}<\/script>\n<!-- \/ Yoast SEO plugin. -->","yoast_head_json":{"robots":{"index":"index","follow":"follow","max-snippet":"max-snippet:-1","max-image-preview":"max-image-preview:large","max-video-preview":"max-video-preview:-1"},"canonical":"https:\/\/vectalia.es\/fr\/entreprises-du-groupe\/","og_locale":"fr_FR","og_type":"article","og_title":"Entreprises du groupe - Portail Vectalia","og_description":"L&rsquo;activit\u00e9 de Vectalia est diversifi\u00e9e dans diff\u00e9rents secteurs d&rsquo;activit\u00e9 et, en m\u00eame temps, elle op\u00e8re dans diff\u00e9rentes r\u00e9gions d&rsquo;Espagne, de France et du Maroc. Ci-dessous, les soci\u00e9t\u00e9s qui composent le groupe.","og_url":"https:\/\/vectalia.es\/fr\/entreprises-du-groupe\/","og_site_name":"Portal Vectalia","article_publisher":"https:\/\/www.facebook.com\/vectalia\/","article_modified_time":"2019-12-17T16:28:13+00:00","twitter_card":"summary","twitter_site":"@vectalia","schema":{"@context":"https:\/\/schema.org","@graph":[{"@type":"Organization","@id":"https:\/\/vectalia.es\/en\/#organization","name":"Vectalia","url":"https:\/\/vectalia.es\/en\/","sameAs":["https:\/\/www.facebook.com\/vectalia\/","https:\/\/www.instagram.com\/vectalia.official","https:\/\/es.linkedin.com\/company\/vectalia","https:\/\/www.youtube.com\/channel\/UC9v-5s3NwMhAmhsTLhuPkjg","https:\/\/twitter.com\/vectalia"],"logo":{"@type":"ImageObject","@id":"https:\/\/vectalia.es\/en\/#logo","inLanguage":"fr-FR","url":"https:\/\/vectalia.es\/wp\/wp-content\/uploads\/2018\/08\/Vectalia-corporacion-empresarial.png","contentUrl":"https:\/\/vectalia.es\/wp\/wp-content\/uploads\/2018\/08\/Vectalia-corporacion-empresarial.png","width":1843,"height":1252,"caption":"Vectalia"},"image":{"@id":"https:\/\/vectalia.es\/en\/#logo"}},{"@type":"WebSite","@id":"https:\/\/vectalia.es\/en\/#website","url":"https:\/\/vectalia.es\/en\/","name":"Portal Vectalia","description":"","publisher":{"@id":"https:\/\/vectalia.es\/en\/#organization"},"potentialAction":[{"@type":"SearchAction","target":{"@type":"EntryPoint","urlTemplate":"https:\/\/vectalia.es\/en\/?s={search_term_string}"},"query-input":"required name=search_term_string"}],"inLanguage":"fr-FR"},{"@type":"WebPage","@id":"https:\/\/vectalia.es\/fr\/entreprises-du-groupe\/#webpage","url":"https:\/\/vectalia.es\/fr\/entreprises-du-groupe\/","name":"Entreprises du groupe - Portail Vectalia","isPartOf":{"@id":"https:\/\/vectalia.es\/en\/#website"},"datePublished":"2018-10-15T07:39:02+00:00","dateModified":"2019-12-17T16:28:13+00:00","breadcrumb":{"@id":"https:\/\/vectalia.es\/fr\/entreprises-du-groupe\/#breadcrumb"},"inLanguage":"fr-FR","potentialAction":[{"@type":"ReadAction","target":["https:\/\/vectalia.es\/fr\/entreprises-du-groupe\/"]}]},{"@type":"BreadcrumbList","@id":"https:\/\/vectalia.es\/fr\/entreprises-du-groupe\/#breadcrumb","itemListElement":[{"@type":"ListItem","position":1,"name":"Inicio","item":"https:\/\/vectalia.es\/fr\/"},{"@type":"ListItem","position":2,"name":"Entreprises du groupe"}]}]}},"_links":{"self":[{"href":"https:\/\/vectalia.es\/fr\/wp-json\/wp\/v2\/pages\/5239"}],"collection":[{"href":"https:\/\/vectalia.es\/fr\/wp-json\/wp\/v2\/pages"}],"about":[{"href":"https:\/\/vectalia.es\/fr\/wp-json\/wp\/v2\/types\/page"}],"author":[{"embeddable":true,"href":"https:\/\/vectalia.es\/fr\/wp-json\/wp\/v2\/users\/15"}],"replies":[{"embeddable":true,"href":"https:\/\/vectalia.es\/fr\/wp-json\/wp\/v2\/comments?post=5239"}],"version-history":[{"count":1,"href":"https:\/\/vectalia.es\/fr\/wp-json\/wp\/v2\/pages\/5239\/revisions"}],"predecessor-version":[{"id":5240,"href":"https:\/\/vectalia.es\/fr\/wp-json\/wp\/v2\/pages\/5239\/revisions\/5240"}],"wp:attachment":[{"href":"https:\/\/vectalia.es\/fr\/wp-json\/wp\/v2\/media?parent=5239"}],"curies":[{"name":"wp","href":"https:\/\/api.w.org\/{rel}","templated":true}]}}