{"id":5212,"date":"2018-10-15T07:33:10","date_gmt":"2018-10-15T07:33:10","guid":{"rendered":"https:\/\/www.vectalia.es\/?page_id=5212"},"modified":"2018-10-15T07:33:10","modified_gmt":"2018-10-15T07:33:10","slug":"mentions-legales","status":"publish","type":"page","link":"https:\/\/vectalia.es\/fr\/mentions-legales\/","title":{"rendered":"Mentions l\u00e9gales"},"content":{"rendered":"<p class=\"lead\"><strong>Mentions l\u00e9gales<\/strong><\/p>\n<p>Ce site web a \u00e9t\u00e9 cr\u00e9\u00e9 dans le but de faire conna\u00eetre au grand public les activit\u00e9s des entreprises qui font partie de Vectalia Services, ainsi que les produits et services offerts.<\/p>\n<ul>\n<li>\u00a0Le <strong>Groupe<\/strong>\u00a0<strong>Vectalia<\/strong> est constitu\u00e9 par les entreprises dont les activit\u00e9s sont centr\u00e9es sur les Services de Nettoyage, Publicit\u00e9, Ev\u00e9nements, Entretien des Installations, Restauration et Catering, dont le si\u00e8ge principal se trouve dans la province d&rsquo;Alicante. Vectalia Services se compose des soci\u00e9t\u00e9s suivantes, qui sont \u00e9galement li\u00e9es par ces mentions l\u00e9gales<strong><br \/>\nTitulaire du site web :<\/strong>\u00a0www.vectaliaservicios.es<br \/>\nLa titularit\u00e9 correspond \u00e0 la Soci\u00e9t\u00e9 par actions\u00a0Vectalia, S.A.\u00a0 et l&rsquo;adresse e-mail pour ce site,\u00a0vectalia@vectalia.es<\/li>\n<\/ul>\n<ul>\n<li><strong>Contenus<\/strong><br \/>\nLes contenus qui font partie de chacune des soci\u00e9t\u00e9s du\u00a0<strong>Groupe\u00a0Vectalia<\/strong>\u00a0(ci-apr\u00e8s d\u00e9sign\u00e9\u00a0<strong>Groupe Vectalia<\/strong>) sont fournis par ces derni\u00e8res pour publication. Elles s&rsquo;efforcent de maintenir \u00e0 jour les contenus propos\u00e9s sur ce site, sans que cela n&rsquo;implique qu&rsquo;il n&rsquo;y ait aucune erreur dans l&rsquo;acc\u00e8s au site ou dans son contenu, ni qu&rsquo;ils soient \u00e0 jour.<strong>\u00a0<\/strong>Le<strong> Groupe Vectalia<\/strong> prend \u00e0 tout moment les mesures jug\u00e9es les plus appropri\u00e9es pour assurer l&rsquo;acc\u00e8s \u00e0 son contenu et sa mise \u00e0 jour. <strong>\u00a0<\/strong>Le<strong>\u00a0Groupe Vectalia<\/strong> n&rsquo;est pas responsable des cons\u00e9quences pouvant d\u00e9couler d&rsquo;erreurs dans le contenu de ce site web fourni par des tiers. Le<strong>\u00a0Groupe Vectalia<\/strong> se r\u00e9serve le droit de modifier ou de mettre \u00e0 jour son contenu \u00e0 tout moment et sans pr\u00e9avis. Les contenus pouvant \u00eatre t\u00e9l\u00e9charg\u00e9s dans le terminal de l&rsquo;utilisateur ne constituent en aucun cas l&rsquo;existence d&rsquo;une quelconque relation ou obligation contractuelle. Les contenus ne sont pas h\u00e9berg\u00e9s sur les serveurs du<strong>\u00a0Groupe Vectalia<\/strong> mais sur les serveurs de votre fournisseur CPH.<\/li>\n<li><strong>Droits de Propri\u00e9t\u00e9 Intellectuelle<\/strong><br \/>\nL&rsquo;ensemble du contenu de ce site, ainsi que les programmes informatiques n\u00e9cessaires \u00e0 son fonctionnement, son acc\u00e8s et son utilisation sont prot\u00e9g\u00e9s par la l\u00e9gislation en vigueur sur la propri\u00e9t\u00e9 intellectuelle. Les droits de propri\u00e9t\u00e9 intellectuelle de ce site web et des diff\u00e9rents \u00e9l\u00e9ments qu&rsquo;il contient sont la propri\u00e9t\u00e9 de V<b>ectalia Publicit\u00e9\u00a0<\/b>ou ont \u00e9t\u00e9 autoris\u00e9s \u00e0 y \u00eatre utilis\u00e9s. La modification, la copie, la reproduction, le t\u00e9l\u00e9chargement, la transmission, la distribution ou la transformation du contenu de ce site est interdite sans l&rsquo;autorisation du propri\u00e9taire ou sans autorisation l\u00e9gale. L&rsquo;acc\u00e8s au site n&rsquo;implique en aucun cas l&rsquo;acquisition de droits de propri\u00e9t\u00e9 sur les contenus qu&rsquo;il contient. Une partie du contenu de ce site peut \u00eatre t\u00e9l\u00e9charg\u00e9e sur le terminal de l&rsquo;utilisateur, \u00e0 condition qu&rsquo;il s&rsquo;agisse d&rsquo;un usage priv\u00e9 et ne soit pas destin\u00e9 \u00e0 un usage commercial.<\/li>\n<li><strong>Exclusion de responsabilit\u00e9<\/strong><br \/>\nL&rsquo;acc\u00e8s \u00e0 ce site ainsi que l&rsquo;utilisation qui en est faite sont de la seule responsabilit\u00e9 de l&rsquo;utilisateur. Le\u00a0<strong>Groupe Vectalia<\/strong> n&rsquo;est pas responsable des cons\u00e9quences, dommages ou pr\u00e9judices pouvant r\u00e9sulter d&rsquo;un tel acc\u00e8s ou d&rsquo;une telle utilisation de son contenu. Le\u00a0<strong>Groupe Vectalia<\/strong> se r\u00e9serve le droit d&rsquo;intenter une action en justice en cas d&rsquo;utilisation non autoris\u00e9e ou inappropri\u00e9e des contenus publi\u00e9s sur ce site, ainsi qu&rsquo;en cas de violation des droits de propri\u00e9t\u00e9 intellectuelle ou industrielle. Dans le cadre du contenu de ce site, des liens peuvent \u00eatre propos\u00e9s, directement ou indirectement, vers des ressources ou des sites web qui ne font pas partie de ce site. La pr\u00e9sence de ces liens, aura un but purement informatif, ne constituant en aucun cas une invitation \u00e0 la souscription de produits ou services qui sont offerts dans le site web de destination. Le\u00a0<strong>Groupe Vectalia<\/strong> n&rsquo;est pas responsable du contenu des sites web vers lesquels il peut proposer des liens en dehors de son site, ni des dommages ou pertes qui pourraient \u00eatre caus\u00e9s par la connexion ou l&rsquo;utilisation de tout contenu, produit ou service disponible sur les sites web auxquels les liens redirigent. Le\u00a0<strong>Groupe Vectalia<\/strong> exigera de la part des propri\u00e9taires du site web de destination accessible par des liens sur le site www.vectalia.es que son contenu ne soit pas mena\u00e7ant, obsc\u00e8ne, diffamatoire, pornographique, x\u00e9nophobe, offensant pour la dignit\u00e9 de la personne ou les droits de l&rsquo;enfant, contraire au droit actuel et en g\u00e9n\u00e9ral dont le contenu ne constitue ni une incitation ni la r\u00e9alisation d&rsquo;une infraction p\u00e9nale. Le\u00a0<strong>Groupe Vectalia <\/strong>ne peut garantir la disponibilit\u00e9 et le bon fonctionnement des liens vers d&rsquo;autres sites web \u00e0 partir du site web du\u00a0<strong>Groupe Vectalia<\/strong>. Le\u00a0<strong>Groupe Vectalia<\/strong> ne pas \u00eatre tenu responsable des dommages de quelque nature que ce soit qui pourraient r\u00e9sulter de l&rsquo;indisponibilit\u00e9 du site www.vectalia.es ou tout ou partie de son contenu. Cette mention l\u00e9gale ne s&rsquo;applique qu&rsquo;au contenu existant sur le site www.vectalia.es, ne s&rsquo;applique en aucun cas aux contenus collect\u00e9s ou aux services fournis \u00e0 partir des sites web de tiers accessibles \u00e0 partir du site web www.vectalia.es.<\/li>\n<li><strong>S\u00e9curit\u00e9<\/strong><br \/>\nLe<strong> Groupe Vectalia<\/strong> n&rsquo;est pas responsable des \u00e9ventuelles failles de s\u00e9curit\u00e9 qui pourraient se produire, ni des dommages qui pourraient \u00eatre caus\u00e9s au syst\u00e8me informatique de l&rsquo;utilisateur (logiciel et mat\u00e9riel) ou aux fichiers qui y sont stock\u00e9s, en raison de la pr\u00e9sence de virus dans le terminal de l&rsquo;utilisateur utilis\u00e9 pour se connecter aux services et contenus du pr\u00e9sent site web www.vectalia.es, d&rsquo;un dysfonctionnement du navigateur ou de l&rsquo;utilisation de versions non mises \u00e0 jour de celui-ci en particulier et en g\u00e9n\u00e9ral d&rsquo;un dysfonctionnement ou d&rsquo;un d\u00e9faut de mise \u00e0 jour de tout programme n\u00e9cessaire au fonctionnement du navigateur.<\/li>\n<li><strong>Protection des donn\u00e9es<\/strong><br \/>\nLes entreprises qui font partie de ces mentions l\u00e9gales informent le public que, conform\u00e9ment aux dispositions de la loi 15\/1999 du 13 d\u00e9cembre sur la protection des donn\u00e9es personnelles, les donn\u00e9es personnelles fournies seront trait\u00e9es avec la plus grande confidentialit\u00e9, ayant adopt\u00e9 les mesures techniques et organisationnelles n\u00e9cessaires pour assurer la confidentialit\u00e9 et la s\u00e9curit\u00e9 des donn\u00e9es personnelles. Les entreprises qui font partie du\u00a0<strong>Groupe Vectalia <\/strong>traitent le fichier des donn\u00e9es qu&rsquo;ils nous envoient pour r\u00e9pondre et traiter correctement les demandes re\u00e7ues, \u00e9tant leur seul but. Sur chacune des pages sur lesquelles des donn\u00e9es personnelles sont requises, il vous sera demand\u00e9, avant l&rsquo;envoi des donn\u00e9es, de donner votre consentement expr\u00e8s pour un traitement ult\u00e9rieur, qui sera limit\u00e9 \u00e0 l&rsquo;objectif indiqu\u00e9. En ce qui concerne les donn\u00e9es personnelles recueillies de la mani\u00e8re pr\u00e9vue pr\u00e9c\u00e9demment, vous pouvez exercer vos droits d&rsquo;acc\u00e8s, de rectification, d&rsquo;opposition et d&rsquo;annulation en vertu de la loi 15\/1999 en envoyant une demande \u00e9crite sign\u00e9e accompagn\u00e9e d&rsquo;une photocopie de votre pi\u00e8ce d&rsquo;identit\u00e9 nationale \u00e0 l&rsquo;adresse indiqu\u00e9e au d\u00e9but des pr\u00e9sentes mentions l\u00e9gales correspondant \u00e0 la soci\u00e9t\u00e9 que vous souhaitez contacter, en indiquant comme r\u00e9f\u00e9rence le texte &laquo;&nbsp;Donn\u00e9es personnelles&nbsp;&raquo;.<\/li>\n<\/ul>\n\n<div class=\"twitter-share\"><a href=\"https:\/\/twitter.com\/intent\/tweet?via=vectalia\" class=\"twitter-share-button\">Tweet<\/a><\/div>\n","protected":false},"excerpt":{"rendered":"<p>Mentions l\u00e9gales Ce site web a \u00e9t\u00e9 cr\u00e9\u00e9 dans le but de faire conna\u00eetre au grand public les activit\u00e9s des entreprises qui font partie de Vectalia Services, ainsi que les produits et services offerts. \u00a0Le Groupe\u00a0Vectalia est constitu\u00e9 par les entreprises dont les activit\u00e9s sont centr\u00e9es sur les Services de Nettoyage, Publicit\u00e9, Ev\u00e9nements, Entretien des&#8230;  <a href=\"https:\/\/vectalia.es\/fr\/mentions-legales\/\" class=\"more-link\" title=\"Read Mentions l\u00e9gales\">Read more &raquo;<\/a><\/p>\n","protected":false},"author":15,"featured_media":0,"parent":0,"menu_order":0,"comment_status":"closed","ping_status":"closed","template":"","meta":[],"yoast_head":"<!-- This site is optimized with the Yoast SEO plugin v16.7 - https:\/\/yoast.com\/wordpress\/plugins\/seo\/ -->\n<meta name=\"robots\" content=\"index, follow, max-snippet:-1, max-image-preview:large, max-video-preview:-1\" \/>\n<link rel=\"canonical\" href=\"https:\/\/vectalia.es\/fr\/mentions-legales\/\" \/>\n<meta property=\"og:locale\" content=\"fr_FR\" \/>\n<meta property=\"og:type\" content=\"article\" \/>\n<meta property=\"og:title\" content=\"Mentions l\u00e9gales - Portail Vectalia\" \/>\n<meta property=\"og:description\" content=\"Mentions l\u00e9gales Ce site web a \u00e9t\u00e9 cr\u00e9\u00e9 dans le but de faire conna\u00eetre au grand public les activit\u00e9s des entreprises qui font partie de Vectalia Services, ainsi que les produits et services offerts. \u00a0Le Groupe\u00a0Vectalia est constitu\u00e9 par les entreprises dont les activit\u00e9s sont centr\u00e9es sur les Services de Nettoyage, Publicit\u00e9, Ev\u00e9nements, Entretien des... Read more &raquo;\" \/>\n<meta property=\"og:url\" content=\"https:\/\/vectalia.es\/fr\/mentions-legales\/\" \/>\n<meta property=\"og:site_name\" content=\"Portal Vectalia\" \/>\n<meta property=\"article:publisher\" content=\"https:\/\/www.facebook.com\/vectalia\/\" \/>\n<meta name=\"twitter:card\" content=\"summary\" \/>\n<meta name=\"twitter:site\" content=\"@vectalia\" \/>\n<meta name=\"twitter:label1\" content=\"Est. reading time\" \/>\n\t<meta name=\"twitter:data1\" content=\"6 minutes\" \/>\n<script type=\"application\/ld+json\" class=\"yoast-schema-graph\">{\"@context\":\"https:\/\/schema.org\",\"@graph\":[{\"@type\":\"Organization\",\"@id\":\"https:\/\/vectalia.es\/en\/#organization\",\"name\":\"Vectalia\",\"url\":\"https:\/\/vectalia.es\/en\/\",\"sameAs\":[\"https:\/\/www.facebook.com\/vectalia\/\",\"https:\/\/www.instagram.com\/vectalia.official\",\"https:\/\/es.linkedin.com\/company\/vectalia\",\"https:\/\/www.youtube.com\/channel\/UC9v-5s3NwMhAmhsTLhuPkjg\",\"https:\/\/twitter.com\/vectalia\"],\"logo\":{\"@type\":\"ImageObject\",\"@id\":\"https:\/\/vectalia.es\/en\/#logo\",\"inLanguage\":\"fr-FR\",\"url\":\"https:\/\/vectalia.es\/wp\/wp-content\/uploads\/2018\/08\/Vectalia-corporacion-empresarial.png\",\"contentUrl\":\"https:\/\/vectalia.es\/wp\/wp-content\/uploads\/2018\/08\/Vectalia-corporacion-empresarial.png\",\"width\":1843,\"height\":1252,\"caption\":\"Vectalia\"},\"image\":{\"@id\":\"https:\/\/vectalia.es\/en\/#logo\"}},{\"@type\":\"WebSite\",\"@id\":\"https:\/\/vectalia.es\/en\/#website\",\"url\":\"https:\/\/vectalia.es\/en\/\",\"name\":\"Portal Vectalia\",\"description\":\"\",\"publisher\":{\"@id\":\"https:\/\/vectalia.es\/en\/#organization\"},\"potentialAction\":[{\"@type\":\"SearchAction\",\"target\":{\"@type\":\"EntryPoint\",\"urlTemplate\":\"https:\/\/vectalia.es\/en\/?s={search_term_string}\"},\"query-input\":\"required name=search_term_string\"}],\"inLanguage\":\"fr-FR\"},{\"@type\":\"WebPage\",\"@id\":\"https:\/\/vectalia.es\/fr\/mentions-legales\/#webpage\",\"url\":\"https:\/\/vectalia.es\/fr\/mentions-legales\/\",\"name\":\"Mentions l\\u00e9gales - Portail Vectalia\",\"isPartOf\":{\"@id\":\"https:\/\/vectalia.es\/en\/#website\"},\"datePublished\":\"2018-10-15T07:33:10+00:00\",\"dateModified\":\"2018-10-15T07:33:10+00:00\",\"breadcrumb\":{\"@id\":\"https:\/\/vectalia.es\/fr\/mentions-legales\/#breadcrumb\"},\"inLanguage\":\"fr-FR\",\"potentialAction\":[{\"@type\":\"ReadAction\",\"target\":[\"https:\/\/vectalia.es\/fr\/mentions-legales\/\"]}]},{\"@type\":\"BreadcrumbList\",\"@id\":\"https:\/\/vectalia.es\/fr\/mentions-legales\/#breadcrumb\",\"itemListElement\":[{\"@type\":\"ListItem\",\"position\":1,\"name\":\"Inicio\",\"item\":\"https:\/\/vectalia.es\/fr\/\"},{\"@type\":\"ListItem\",\"position\":2,\"name\":\"Mentions l\\u00e9gales\"}]}]}<\/script>\n<!-- \/ Yoast SEO plugin. -->","yoast_head_json":{"robots":{"index":"index","follow":"follow","max-snippet":"max-snippet:-1","max-image-preview":"max-image-preview:large","max-video-preview":"max-video-preview:-1"},"canonical":"https:\/\/vectalia.es\/fr\/mentions-legales\/","og_locale":"fr_FR","og_type":"article","og_title":"Mentions l\u00e9gales - Portail Vectalia","og_description":"Mentions l\u00e9gales Ce site web a \u00e9t\u00e9 cr\u00e9\u00e9 dans le but de faire conna\u00eetre au grand public les activit\u00e9s des entreprises qui font partie de Vectalia Services, ainsi que les produits et services offerts. \u00a0Le Groupe\u00a0Vectalia est constitu\u00e9 par les entreprises dont les activit\u00e9s sont centr\u00e9es sur les Services de Nettoyage, Publicit\u00e9, Ev\u00e9nements, Entretien des... Read more &raquo;","og_url":"https:\/\/vectalia.es\/fr\/mentions-legales\/","og_site_name":"Portal Vectalia","article_publisher":"https:\/\/www.facebook.com\/vectalia\/","twitter_card":"summary","twitter_site":"@vectalia","twitter_misc":{"Est. reading time":"6 minutes"},"schema":{"@context":"https:\/\/schema.org","@graph":[{"@type":"Organization","@id":"https:\/\/vectalia.es\/en\/#organization","name":"Vectalia","url":"https:\/\/vectalia.es\/en\/","sameAs":["https:\/\/www.facebook.com\/vectalia\/","https:\/\/www.instagram.com\/vectalia.official","https:\/\/es.linkedin.com\/company\/vectalia","https:\/\/www.youtube.com\/channel\/UC9v-5s3NwMhAmhsTLhuPkjg","https:\/\/twitter.com\/vectalia"],"logo":{"@type":"ImageObject","@id":"https:\/\/vectalia.es\/en\/#logo","inLanguage":"fr-FR","url":"https:\/\/vectalia.es\/wp\/wp-content\/uploads\/2018\/08\/Vectalia-corporacion-empresarial.png","contentUrl":"https:\/\/vectalia.es\/wp\/wp-content\/uploads\/2018\/08\/Vectalia-corporacion-empresarial.png","width":1843,"height":1252,"caption":"Vectalia"},"image":{"@id":"https:\/\/vectalia.es\/en\/#logo"}},{"@type":"WebSite","@id":"https:\/\/vectalia.es\/en\/#website","url":"https:\/\/vectalia.es\/en\/","name":"Portal Vectalia","description":"","publisher":{"@id":"https:\/\/vectalia.es\/en\/#organization"},"potentialAction":[{"@type":"SearchAction","target":{"@type":"EntryPoint","urlTemplate":"https:\/\/vectalia.es\/en\/?s={search_term_string}"},"query-input":"required name=search_term_string"}],"inLanguage":"fr-FR"},{"@type":"WebPage","@id":"https:\/\/vectalia.es\/fr\/mentions-legales\/#webpage","url":"https:\/\/vectalia.es\/fr\/mentions-legales\/","name":"Mentions l\u00e9gales - Portail Vectalia","isPartOf":{"@id":"https:\/\/vectalia.es\/en\/#website"},"datePublished":"2018-10-15T07:33:10+00:00","dateModified":"2018-10-15T07:33:10+00:00","breadcrumb":{"@id":"https:\/\/vectalia.es\/fr\/mentions-legales\/#breadcrumb"},"inLanguage":"fr-FR","potentialAction":[{"@type":"ReadAction","target":["https:\/\/vectalia.es\/fr\/mentions-legales\/"]}]},{"@type":"BreadcrumbList","@id":"https:\/\/vectalia.es\/fr\/mentions-legales\/#breadcrumb","itemListElement":[{"@type":"ListItem","position":1,"name":"Inicio","item":"https:\/\/vectalia.es\/fr\/"},{"@type":"ListItem","position":2,"name":"Mentions l\u00e9gales"}]}]}},"_links":{"self":[{"href":"https:\/\/vectalia.es\/fr\/wp-json\/wp\/v2\/pages\/5212"}],"collection":[{"href":"https:\/\/vectalia.es\/fr\/wp-json\/wp\/v2\/pages"}],"about":[{"href":"https:\/\/vectalia.es\/fr\/wp-json\/wp\/v2\/types\/page"}],"author":[{"embeddable":true,"href":"https:\/\/vectalia.es\/fr\/wp-json\/wp\/v2\/users\/15"}],"replies":[{"embeddable":true,"href":"https:\/\/vectalia.es\/fr\/wp-json\/wp\/v2\/comments?post=5212"}],"version-history":[{"count":6,"href":"https:\/\/vectalia.es\/fr\/wp-json\/wp\/v2\/pages\/5212\/revisions"}],"predecessor-version":[{"id":5754,"href":"https:\/\/vectalia.es\/fr\/wp-json\/wp\/v2\/pages\/5212\/revisions\/5754"}],"wp:attachment":[{"href":"https:\/\/vectalia.es\/fr\/wp-json\/wp\/v2\/media?parent=5212"}],"curies":[{"name":"wp","href":"https:\/\/api.w.org\/{rel}","templated":true}]}}