{"id":5201,"date":"2018-10-15T07:26:33","date_gmt":"2018-10-15T07:26:33","guid":{"rendered":"https:\/\/www.vectalia.es\/?page_id=5201"},"modified":"2019-12-17T16:22:46","modified_gmt":"2019-12-17T16:22:46","slug":"5201-2","status":"publish","type":"page","link":"https:\/\/vectalia.es\/fr\/5201-2\/","title":{"rendered":"\u00c0 propos de Vectalia"},"content":{"rendered":"<p class=\"lead\">Le <strong>Groupe Vectalia<\/strong>, qui a r\u00e9ussi \u00e0 se diversifier au cours des derni\u00e8res ann\u00e9es pour offrir une large gamme de services, a commenc\u00e9 son activit\u00e9 commerciale en cr\u00e9ant diff\u00e9rentes entreprises li\u00e9es \u00e0 la gestion de la mobilit\u00e9 urbaine dans diff\u00e9rentes villes de Galice, Castille-et-Le\u00f3n, Asturies, Castille-La Manche, Estr\u00e9madure, \u00eeles Bal\u00e9ares et Valence, \u00e9galement \u00e9tabli dans des pays comme la France et au Maroc.<\/p>\n\n<div class=\"twitter-share\"><a href=\"https:\/\/twitter.com\/intent\/tweet?via=vectalia\" class=\"twitter-share-button\">Tweet<\/a><\/div>\n","protected":false},"excerpt":{"rendered":"<p>Le Groupe Vectalia, qui a r\u00e9ussi \u00e0 se diversifier au cours des derni\u00e8res ann\u00e9es pour offrir une large gamme de services, a commenc\u00e9 son activit\u00e9 commerciale en cr\u00e9ant diff\u00e9rentes entreprises li\u00e9es \u00e0 la gestion de la mobilit\u00e9 urbaine dans diff\u00e9rentes villes de Galice, Castille-et-Le\u00f3n, Asturies, Castille-La Manche, Estr\u00e9madure, \u00eeles Bal\u00e9ares et Valence, \u00e9galement \u00e9tabli dans&#8230;  <a href=\"https:\/\/vectalia.es\/fr\/5201-2\/\" class=\"more-link\" title=\"Read \u00c0 propos de Vectalia\">Read more &raquo;<\/a><\/p>\n","protected":false},"author":15,"featured_media":0,"parent":0,"menu_order":0,"comment_status":"closed","ping_status":"closed","template":"","meta":[],"yoast_head":"<!-- This site is optimized with the Yoast SEO plugin v16.7 - https:\/\/yoast.com\/wordpress\/plugins\/seo\/ -->\n<meta name=\"robots\" content=\"index, follow, max-snippet:-1, max-image-preview:large, max-video-preview:-1\" \/>\n<link rel=\"canonical\" href=\"https:\/\/vectalia.es\/fr\/5201-2\/\" \/>\n<meta property=\"og:locale\" content=\"fr_FR\" \/>\n<meta property=\"og:type\" content=\"article\" \/>\n<meta property=\"og:title\" content=\"\u00c0 propos de Vectalia - Portail Vectalia\" \/>\n<meta property=\"og:description\" content=\"Le Groupe Vectalia, qui a r\u00e9ussi \u00e0 se diversifier au cours des derni\u00e8res ann\u00e9es pour offrir une large gamme de services, a commenc\u00e9 son activit\u00e9 commerciale en cr\u00e9ant diff\u00e9rentes entreprises li\u00e9es \u00e0 la gestion de la mobilit\u00e9 urbaine dans diff\u00e9rentes villes de Galice, Castille-et-Le\u00f3n, Asturies, Castille-La Manche, Estr\u00e9madure, \u00eeles Bal\u00e9ares et Valence, \u00e9galement \u00e9tabli dans... Read more &raquo;\" \/>\n<meta property=\"og:url\" content=\"https:\/\/vectalia.es\/fr\/5201-2\/\" \/>\n<meta property=\"og:site_name\" content=\"Portal Vectalia\" \/>\n<meta property=\"article:publisher\" content=\"https:\/\/www.facebook.com\/vectalia\/\" \/>\n<meta property=\"article:modified_time\" content=\"2019-12-17T16:22:46+00:00\" \/>\n<meta name=\"twitter:card\" content=\"summary\" \/>\n<meta name=\"twitter:site\" content=\"@vectalia\" \/>\n<script type=\"application\/ld+json\" class=\"yoast-schema-graph\">{\"@context\":\"https:\/\/schema.org\",\"@graph\":[{\"@type\":\"Organization\",\"@id\":\"https:\/\/vectalia.es\/en\/#organization\",\"name\":\"Vectalia\",\"url\":\"https:\/\/vectalia.es\/en\/\",\"sameAs\":[\"https:\/\/www.facebook.com\/vectalia\/\",\"https:\/\/www.instagram.com\/vectalia.official\",\"https:\/\/es.linkedin.com\/company\/vectalia\",\"https:\/\/www.youtube.com\/channel\/UC9v-5s3NwMhAmhsTLhuPkjg\",\"https:\/\/twitter.com\/vectalia\"],\"logo\":{\"@type\":\"ImageObject\",\"@id\":\"https:\/\/vectalia.es\/en\/#logo\",\"inLanguage\":\"fr-FR\",\"url\":\"https:\/\/vectalia.es\/wp\/wp-content\/uploads\/2018\/08\/Vectalia-corporacion-empresarial.png\",\"contentUrl\":\"https:\/\/vectalia.es\/wp\/wp-content\/uploads\/2018\/08\/Vectalia-corporacion-empresarial.png\",\"width\":1843,\"height\":1252,\"caption\":\"Vectalia\"},\"image\":{\"@id\":\"https:\/\/vectalia.es\/en\/#logo\"}},{\"@type\":\"WebSite\",\"@id\":\"https:\/\/vectalia.es\/en\/#website\",\"url\":\"https:\/\/vectalia.es\/en\/\",\"name\":\"Portal Vectalia\",\"description\":\"\",\"publisher\":{\"@id\":\"https:\/\/vectalia.es\/en\/#organization\"},\"potentialAction\":[{\"@type\":\"SearchAction\",\"target\":{\"@type\":\"EntryPoint\",\"urlTemplate\":\"https:\/\/vectalia.es\/en\/?s={search_term_string}\"},\"query-input\":\"required name=search_term_string\"}],\"inLanguage\":\"fr-FR\"},{\"@type\":\"WebPage\",\"@id\":\"https:\/\/vectalia.es\/fr\/5201-2\/#webpage\",\"url\":\"https:\/\/vectalia.es\/fr\/5201-2\/\",\"name\":\"\\u00c0 propos de Vectalia - Portail Vectalia\",\"isPartOf\":{\"@id\":\"https:\/\/vectalia.es\/en\/#website\"},\"datePublished\":\"2018-10-15T07:26:33+00:00\",\"dateModified\":\"2019-12-17T16:22:46+00:00\",\"breadcrumb\":{\"@id\":\"https:\/\/vectalia.es\/fr\/5201-2\/#breadcrumb\"},\"inLanguage\":\"fr-FR\",\"potentialAction\":[{\"@type\":\"ReadAction\",\"target\":[\"https:\/\/vectalia.es\/fr\/5201-2\/\"]}]},{\"@type\":\"BreadcrumbList\",\"@id\":\"https:\/\/vectalia.es\/fr\/5201-2\/#breadcrumb\",\"itemListElement\":[{\"@type\":\"ListItem\",\"position\":1,\"name\":\"Inicio\",\"item\":\"https:\/\/vectalia.es\/fr\/\"},{\"@type\":\"ListItem\",\"position\":2,\"name\":\"\\u00c0 propos de Vectalia\"}]}]}<\/script>\n<!-- \/ Yoast SEO plugin. -->","yoast_head_json":{"robots":{"index":"index","follow":"follow","max-snippet":"max-snippet:-1","max-image-preview":"max-image-preview:large","max-video-preview":"max-video-preview:-1"},"canonical":"https:\/\/vectalia.es\/fr\/5201-2\/","og_locale":"fr_FR","og_type":"article","og_title":"\u00c0 propos de Vectalia - Portail Vectalia","og_description":"Le Groupe Vectalia, qui a r\u00e9ussi \u00e0 se diversifier au cours des derni\u00e8res ann\u00e9es pour offrir une large gamme de services, a commenc\u00e9 son activit\u00e9 commerciale en cr\u00e9ant diff\u00e9rentes entreprises li\u00e9es \u00e0 la gestion de la mobilit\u00e9 urbaine dans diff\u00e9rentes villes de Galice, Castille-et-Le\u00f3n, Asturies, Castille-La Manche, Estr\u00e9madure, \u00eeles Bal\u00e9ares et Valence, \u00e9galement \u00e9tabli dans... Read more &raquo;","og_url":"https:\/\/vectalia.es\/fr\/5201-2\/","og_site_name":"Portal Vectalia","article_publisher":"https:\/\/www.facebook.com\/vectalia\/","article_modified_time":"2019-12-17T16:22:46+00:00","twitter_card":"summary","twitter_site":"@vectalia","schema":{"@context":"https:\/\/schema.org","@graph":[{"@type":"Organization","@id":"https:\/\/vectalia.es\/en\/#organization","name":"Vectalia","url":"https:\/\/vectalia.es\/en\/","sameAs":["https:\/\/www.facebook.com\/vectalia\/","https:\/\/www.instagram.com\/vectalia.official","https:\/\/es.linkedin.com\/company\/vectalia","https:\/\/www.youtube.com\/channel\/UC9v-5s3NwMhAmhsTLhuPkjg","https:\/\/twitter.com\/vectalia"],"logo":{"@type":"ImageObject","@id":"https:\/\/vectalia.es\/en\/#logo","inLanguage":"fr-FR","url":"https:\/\/vectalia.es\/wp\/wp-content\/uploads\/2018\/08\/Vectalia-corporacion-empresarial.png","contentUrl":"https:\/\/vectalia.es\/wp\/wp-content\/uploads\/2018\/08\/Vectalia-corporacion-empresarial.png","width":1843,"height":1252,"caption":"Vectalia"},"image":{"@id":"https:\/\/vectalia.es\/en\/#logo"}},{"@type":"WebSite","@id":"https:\/\/vectalia.es\/en\/#website","url":"https:\/\/vectalia.es\/en\/","name":"Portal Vectalia","description":"","publisher":{"@id":"https:\/\/vectalia.es\/en\/#organization"},"potentialAction":[{"@type":"SearchAction","target":{"@type":"EntryPoint","urlTemplate":"https:\/\/vectalia.es\/en\/?s={search_term_string}"},"query-input":"required name=search_term_string"}],"inLanguage":"fr-FR"},{"@type":"WebPage","@id":"https:\/\/vectalia.es\/fr\/5201-2\/#webpage","url":"https:\/\/vectalia.es\/fr\/5201-2\/","name":"\u00c0 propos de Vectalia - Portail Vectalia","isPartOf":{"@id":"https:\/\/vectalia.es\/en\/#website"},"datePublished":"2018-10-15T07:26:33+00:00","dateModified":"2019-12-17T16:22:46+00:00","breadcrumb":{"@id":"https:\/\/vectalia.es\/fr\/5201-2\/#breadcrumb"},"inLanguage":"fr-FR","potentialAction":[{"@type":"ReadAction","target":["https:\/\/vectalia.es\/fr\/5201-2\/"]}]},{"@type":"BreadcrumbList","@id":"https:\/\/vectalia.es\/fr\/5201-2\/#breadcrumb","itemListElement":[{"@type":"ListItem","position":1,"name":"Inicio","item":"https:\/\/vectalia.es\/fr\/"},{"@type":"ListItem","position":2,"name":"\u00c0 propos de Vectalia"}]}]}},"_links":{"self":[{"href":"https:\/\/vectalia.es\/fr\/wp-json\/wp\/v2\/pages\/5201"}],"collection":[{"href":"https:\/\/vectalia.es\/fr\/wp-json\/wp\/v2\/pages"}],"about":[{"href":"https:\/\/vectalia.es\/fr\/wp-json\/wp\/v2\/types\/page"}],"author":[{"embeddable":true,"href":"https:\/\/vectalia.es\/fr\/wp-json\/wp\/v2\/users\/15"}],"replies":[{"embeddable":true,"href":"https:\/\/vectalia.es\/fr\/wp-json\/wp\/v2\/comments?post=5201"}],"version-history":[{"count":1,"href":"https:\/\/vectalia.es\/fr\/wp-json\/wp\/v2\/pages\/5201\/revisions"}],"predecessor-version":[{"id":5202,"href":"https:\/\/vectalia.es\/fr\/wp-json\/wp\/v2\/pages\/5201\/revisions\/5202"}],"wp:attachment":[{"href":"https:\/\/vectalia.es\/fr\/wp-json\/wp\/v2\/media?parent=5201"}],"curies":[{"name":"wp","href":"https:\/\/api.w.org\/{rel}","templated":true}]}}