{"id":35176,"date":"2022-10-11T14:36:50","date_gmt":"2022-10-11T14:36:50","guid":{"rendered":"https:\/\/vectalia.es\/politica-de-seguridad-de-la-informacion\/"},"modified":"2022-10-13T14:21:14","modified_gmt":"2022-10-13T14:21:14","slug":"politique-de-securite-des-informations","status":"publish","type":"page","link":"https:\/\/vectalia.es\/fr\/politique-de-securite-des-informations\/","title":{"rendered":"Politique de s\u00e9curit\u00e9 des informations"},"content":{"rendered":"<p class=\"lead\">CORPORATION VECTALIA maintient un engagement envers la s\u00e9curit\u00e9 de l&rsquo;information, exprim\u00e9 sous diff\u00e9rents aspects. De notre engagement envers les clients, les employ\u00e9s, les fournisseurs et les institutions, l&rsquo;un des principaux engagements de notre mission est d&rsquo;adopter les mesures n\u00e9cessaires pour que les informations trait\u00e9es par l&rsquo;organisation soient exactes et disponibles au moment requis.<\/p>\n<p>CORPORATION VECTALIA a mis en place les contr\u00f4les n\u00e9cessaires pour que ces informations ne soient pas accessibles par le personnel non autoris\u00e9.<\/p>\n<p>La politique de s\u00e9curit\u00e9 de Corporation Vectalia est fond\u00e9e sur les directives de s\u00e9curit\u00e9 fondamentales suivantes, bas\u00e9es sur les exigences \u00e9nonc\u00e9es dans les normes ISO\/IEC 27001:2013 et le National Security Scheme, garantissant ainsi la qualit\u00e9 des produits, des services et la confidentialit\u00e9, l&rsquo;int\u00e9grit\u00e9, la disponibilit\u00e9 , authenticit\u00e9 et tra\u00e7abilit\u00e9 des syst\u00e8mes d&rsquo;information.<\/p>\n<ul>\n<li><strong>Engagement de la direction<\/strong>. La s\u00e9curit\u00e9 de l&rsquo;information b\u00e9n\u00e9ficie de l&rsquo;engagement et du soutien de tous les niveaux de gestion afin qu&rsquo;elle puisse \u00eatre coordonn\u00e9e et int\u00e9gr\u00e9e avec le reste des initiatives strat\u00e9giques de CORPORATION VECTALIA. En signe de cet engagement, la Direction G\u00e9n\u00e9rale veille au respect de ce document, le tient \u00e0 jour et approuv\u00e9, met \u00e0 disposition tous les moyens financiers et logistiques pour la constitution, la mise en place, le maintien et l&rsquo;\u00e9volution du syst\u00e8me de gestion et du sch\u00e9ma national de s\u00e9curit\u00e9.<\/li>\n<li><strong>Processus complet.<\/strong> La s\u00e9curit\u00e9 sera comprise comme un processus int\u00e9gral compos\u00e9 de tous les \u00e9l\u00e9ments techniques, humains, mat\u00e9riels et organisationnels li\u00e9s au syst\u00e8me. La s\u00e9curit\u00e9 de l&rsquo;information dans la fourniture de services doit \u00eatre consid\u00e9r\u00e9e comme faisant partie des op\u00e9rations normales, \u00e9tant pr\u00e9sente et appliqu\u00e9e d\u00e8s la conception initiale des syst\u00e8mes d&rsquo;information.<\/li>\n<li><strong>Gestion de la s\u00e9curit\u00e9 bas\u00e9e sur les risques<\/strong>. L&rsquo;\u00e9tude et l&rsquo;\u00e9valuation des risques pouvant compromettre la qualit\u00e9 de la prestation de service et la s\u00e9curit\u00e9 des informations qui y sont g\u00e9r\u00e9es sont r\u00e9alis\u00e9es. En ce sens, les mesures n\u00e9cessaires seront appliqu\u00e9es pour att\u00e9nuer ces risques en fonction de leur criticit\u00e9, en effectuant des \u00e9valuations p\u00e9riodiques permettant d&rsquo;obtenir le statut de gestion du traitement des risques.<\/li>\n<li><strong>Pr\u00e9vention, r\u00e9action et r\u00e9cup\u00e9ration.<\/strong> La s\u00e9curit\u00e9 du syst\u00e8me comprend des aspects de pr\u00e9vention, de d\u00e9tection et de correction pour s&rsquo;assurer que les menaces n&rsquo;affectent pas les informations et la qualit\u00e9 des services. \u00c0 cette fin, des cycles d&rsquo;examen seront effectu\u00e9s en fonction de la planification des risques, de la mise en \u0153uvre de mesures de r\u00e9duction et de leur r\u00e9\u00e9valuation ult\u00e9rieure.<\/li>\n<li><strong>Ligne de d\u00e9fense<\/strong> : Des m\u00e9canismes appropri\u00e9s seront mis en place pour assurer la disponibilit\u00e9 des syst\u00e8mes d&rsquo;information et favoriser la continuit\u00e9 des services, en donnant la priorit\u00e9 \u00e0 la r\u00e9action appropri\u00e9e aux incidents afin de r\u00e9duire la probabilit\u00e9 de compromettre le service.<\/li>\n<li><strong> R\u00e9\u00e9valuation p\u00e9riodique<\/strong>. La direction proc\u00e8de \u00e0 une \u00e9valuation p\u00e9riodique de la qualit\u00e9 de la prestation de services et des mesures de s\u00e9curit\u00e9 appliqu\u00e9es pour adapter leur efficacit\u00e9 \u00e0 l&rsquo;\u00e9volution constante des risques, en fixant des objectifs comme engagement d&rsquo;am\u00e9lioration continue du syst\u00e8me.<\/li>\n<li><strong>Responsabilit\u00e9 diff\u00e9renci\u00e9e.<\/strong> Dans les syst\u00e8mes d&rsquo;information, on diff\u00e9renciera le responsable de l&rsquo;information, qui d\u00e9termine les exigences de s\u00e9curit\u00e9 des informations trait\u00e9es, le responsable du service, qui d\u00e9termine les exigences de s\u00e9curit\u00e9 des services fournis\u00a0 et le responsable de la s\u00e9curit\u00e9, qui prend les d\u00e9cisions pour satisfaire aux exigences de s\u00e9curit\u00e9.<\/li>\n<\/ul>\n<p>&nbsp;<\/p>\n<p>Pour l&rsquo;\u00e9laboration de sa politique de s\u00e9curit\u00e9, CORPORATION VECTALIA a pris en compte ce qui est \u00e9tabli pour le respect du syst\u00e8me de gestion int\u00e9gr\u00e9 et les exigences d\u00e9finies dans le sch\u00e9ma national de s\u00e9curit\u00e9, ainsi que les exigences pr\u00e9vues par le cadre l\u00e9gal et r\u00e9glementaire applicable dans lequel ont lieu les activit\u00e9s.<\/p>\n\n<div class=\"twitter-share\"><a href=\"https:\/\/twitter.com\/intent\/tweet?via=vectalia\" class=\"twitter-share-button\">Tweet<\/a><\/div>\n","protected":false},"excerpt":{"rendered":"<p>CORPORATION VECTALIA maintient un engagement envers la s\u00e9curit\u00e9 de l&rsquo;information, exprim\u00e9 sous diff\u00e9rents aspects. De notre engagement envers les clients, les employ\u00e9s, les fournisseurs et les institutions, l&rsquo;un des principaux engagements de notre mission est d&rsquo;adopter les mesures n\u00e9cessaires pour que les informations trait\u00e9es par l&rsquo;organisation soient exactes et disponibles au moment requis. CORPORATION VECTALIA&#8230;  <a href=\"https:\/\/vectalia.es\/fr\/politique-de-securite-des-informations\/\" class=\"more-link\" title=\"Read Politique de s\u00e9curit\u00e9 des informations\">Read more &raquo;<\/a><\/p>\n","protected":false},"author":21,"featured_media":0,"parent":0,"menu_order":0,"comment_status":"closed","ping_status":"closed","template":"","meta":[],"yoast_head":"<!-- This site is optimized with the Yoast SEO plugin v16.7 - https:\/\/yoast.com\/wordpress\/plugins\/seo\/ -->\n<meta name=\"robots\" content=\"noindex, follow\" \/>\n<meta property=\"og:locale\" content=\"fr_FR\" \/>\n<meta property=\"og:type\" content=\"article\" \/>\n<meta property=\"og:title\" content=\"Politique de s\u00e9curit\u00e9 des informations - Portal Vectalia\" \/>\n<meta property=\"og:description\" content=\"CORPORATION VECTALIA maintient un engagement envers la s\u00e9curit\u00e9 de l&rsquo;information, exprim\u00e9 sous diff\u00e9rents aspects. De notre engagement envers les clients, les employ\u00e9s, les fournisseurs et les institutions, l&rsquo;un des principaux engagements de notre mission est d&rsquo;adopter les mesures n\u00e9cessaires pour que les informations trait\u00e9es par l&rsquo;organisation soient exactes et disponibles au moment requis. CORPORATION VECTALIA... Read more &raquo;\" \/>\n<meta property=\"og:url\" content=\"https:\/\/vectalia.es\/fr\/politique-de-securite-des-informations\/\" \/>\n<meta property=\"og:site_name\" content=\"Portal Vectalia\" \/>\n<meta property=\"article:publisher\" content=\"https:\/\/www.facebook.com\/vectalia\/\" \/>\n<meta property=\"article:modified_time\" content=\"2022-10-13T14:21:14+00:00\" \/>\n<meta name=\"twitter:card\" content=\"summary\" \/>\n<meta name=\"twitter:site\" content=\"@vectalia\" \/>\n<meta name=\"twitter:label1\" content=\"Est. reading time\" \/>\n\t<meta name=\"twitter:data1\" content=\"3 minutes\" \/>\n<script type=\"application\/ld+json\" class=\"yoast-schema-graph\">{\"@context\":\"https:\/\/schema.org\",\"@graph\":[{\"@type\":\"Organization\",\"@id\":\"https:\/\/vectalia.es\/en\/#organization\",\"name\":\"Vectalia\",\"url\":\"https:\/\/vectalia.es\/en\/\",\"sameAs\":[\"https:\/\/www.facebook.com\/vectalia\/\",\"https:\/\/www.instagram.com\/vectalia.official\",\"https:\/\/es.linkedin.com\/company\/vectalia\",\"https:\/\/www.youtube.com\/channel\/UC9v-5s3NwMhAmhsTLhuPkjg\",\"https:\/\/twitter.com\/vectalia\"],\"logo\":{\"@type\":\"ImageObject\",\"@id\":\"https:\/\/vectalia.es\/en\/#logo\",\"inLanguage\":\"fr-FR\",\"url\":\"https:\/\/vectalia.es\/wp\/wp-content\/uploads\/2018\/08\/Vectalia-corporacion-empresarial.png\",\"contentUrl\":\"https:\/\/vectalia.es\/wp\/wp-content\/uploads\/2018\/08\/Vectalia-corporacion-empresarial.png\",\"width\":1843,\"height\":1252,\"caption\":\"Vectalia\"},\"image\":{\"@id\":\"https:\/\/vectalia.es\/en\/#logo\"}},{\"@type\":\"WebSite\",\"@id\":\"https:\/\/vectalia.es\/en\/#website\",\"url\":\"https:\/\/vectalia.es\/en\/\",\"name\":\"Portal Vectalia\",\"description\":\"\",\"publisher\":{\"@id\":\"https:\/\/vectalia.es\/en\/#organization\"},\"potentialAction\":[{\"@type\":\"SearchAction\",\"target\":{\"@type\":\"EntryPoint\",\"urlTemplate\":\"https:\/\/vectalia.es\/en\/?s={search_term_string}\"},\"query-input\":\"required name=search_term_string\"}],\"inLanguage\":\"fr-FR\"},{\"@type\":\"WebPage\",\"@id\":\"https:\/\/vectalia.es\/fr\/politique-de-securite-des-informations\/#webpage\",\"url\":\"https:\/\/vectalia.es\/fr\/politique-de-securite-des-informations\/\",\"name\":\"Politique de s\\u00e9curit\\u00e9 des informations - Portal Vectalia\",\"isPartOf\":{\"@id\":\"https:\/\/vectalia.es\/en\/#website\"},\"datePublished\":\"2022-10-11T14:36:50+00:00\",\"dateModified\":\"2022-10-13T14:21:14+00:00\",\"breadcrumb\":{\"@id\":\"https:\/\/vectalia.es\/fr\/politique-de-securite-des-informations\/#breadcrumb\"},\"inLanguage\":\"fr-FR\",\"potentialAction\":[{\"@type\":\"ReadAction\",\"target\":[\"https:\/\/vectalia.es\/fr\/politique-de-securite-des-informations\/\"]}]},{\"@type\":\"BreadcrumbList\",\"@id\":\"https:\/\/vectalia.es\/fr\/politique-de-securite-des-informations\/#breadcrumb\",\"itemListElement\":[{\"@type\":\"ListItem\",\"position\":1,\"name\":\"Inicio\",\"item\":\"https:\/\/vectalia.es\/fr\/\"},{\"@type\":\"ListItem\",\"position\":2,\"name\":\"Politique de s\\u00e9curit\\u00e9 des informations\"}]}]}<\/script>\n<!-- \/ Yoast SEO plugin. -->","yoast_head_json":{"robots":{"index":"noindex","follow":"follow"},"og_locale":"fr_FR","og_type":"article","og_title":"Politique de s\u00e9curit\u00e9 des informations - Portal Vectalia","og_description":"CORPORATION VECTALIA maintient un engagement envers la s\u00e9curit\u00e9 de l&rsquo;information, exprim\u00e9 sous diff\u00e9rents aspects. De notre engagement envers les clients, les employ\u00e9s, les fournisseurs et les institutions, l&rsquo;un des principaux engagements de notre mission est d&rsquo;adopter les mesures n\u00e9cessaires pour que les informations trait\u00e9es par l&rsquo;organisation soient exactes et disponibles au moment requis. CORPORATION VECTALIA... Read more &raquo;","og_url":"https:\/\/vectalia.es\/fr\/politique-de-securite-des-informations\/","og_site_name":"Portal Vectalia","article_publisher":"https:\/\/www.facebook.com\/vectalia\/","article_modified_time":"2022-10-13T14:21:14+00:00","twitter_card":"summary","twitter_site":"@vectalia","twitter_misc":{"Est. reading time":"3 minutes"},"schema":{"@context":"https:\/\/schema.org","@graph":[{"@type":"Organization","@id":"https:\/\/vectalia.es\/en\/#organization","name":"Vectalia","url":"https:\/\/vectalia.es\/en\/","sameAs":["https:\/\/www.facebook.com\/vectalia\/","https:\/\/www.instagram.com\/vectalia.official","https:\/\/es.linkedin.com\/company\/vectalia","https:\/\/www.youtube.com\/channel\/UC9v-5s3NwMhAmhsTLhuPkjg","https:\/\/twitter.com\/vectalia"],"logo":{"@type":"ImageObject","@id":"https:\/\/vectalia.es\/en\/#logo","inLanguage":"fr-FR","url":"https:\/\/vectalia.es\/wp\/wp-content\/uploads\/2018\/08\/Vectalia-corporacion-empresarial.png","contentUrl":"https:\/\/vectalia.es\/wp\/wp-content\/uploads\/2018\/08\/Vectalia-corporacion-empresarial.png","width":1843,"height":1252,"caption":"Vectalia"},"image":{"@id":"https:\/\/vectalia.es\/en\/#logo"}},{"@type":"WebSite","@id":"https:\/\/vectalia.es\/en\/#website","url":"https:\/\/vectalia.es\/en\/","name":"Portal Vectalia","description":"","publisher":{"@id":"https:\/\/vectalia.es\/en\/#organization"},"potentialAction":[{"@type":"SearchAction","target":{"@type":"EntryPoint","urlTemplate":"https:\/\/vectalia.es\/en\/?s={search_term_string}"},"query-input":"required name=search_term_string"}],"inLanguage":"fr-FR"},{"@type":"WebPage","@id":"https:\/\/vectalia.es\/fr\/politique-de-securite-des-informations\/#webpage","url":"https:\/\/vectalia.es\/fr\/politique-de-securite-des-informations\/","name":"Politique de s\u00e9curit\u00e9 des informations - Portal Vectalia","isPartOf":{"@id":"https:\/\/vectalia.es\/en\/#website"},"datePublished":"2022-10-11T14:36:50+00:00","dateModified":"2022-10-13T14:21:14+00:00","breadcrumb":{"@id":"https:\/\/vectalia.es\/fr\/politique-de-securite-des-informations\/#breadcrumb"},"inLanguage":"fr-FR","potentialAction":[{"@type":"ReadAction","target":["https:\/\/vectalia.es\/fr\/politique-de-securite-des-informations\/"]}]},{"@type":"BreadcrumbList","@id":"https:\/\/vectalia.es\/fr\/politique-de-securite-des-informations\/#breadcrumb","itemListElement":[{"@type":"ListItem","position":1,"name":"Inicio","item":"https:\/\/vectalia.es\/fr\/"},{"@type":"ListItem","position":2,"name":"Politique de s\u00e9curit\u00e9 des informations"}]}]}},"_links":{"self":[{"href":"https:\/\/vectalia.es\/fr\/wp-json\/wp\/v2\/pages\/35176"}],"collection":[{"href":"https:\/\/vectalia.es\/fr\/wp-json\/wp\/v2\/pages"}],"about":[{"href":"https:\/\/vectalia.es\/fr\/wp-json\/wp\/v2\/types\/page"}],"author":[{"embeddable":true,"href":"https:\/\/vectalia.es\/fr\/wp-json\/wp\/v2\/users\/21"}],"replies":[{"embeddable":true,"href":"https:\/\/vectalia.es\/fr\/wp-json\/wp\/v2\/comments?post=35176"}],"version-history":[{"count":6,"href":"https:\/\/vectalia.es\/fr\/wp-json\/wp\/v2\/pages\/35176\/revisions"}],"predecessor-version":[{"id":35182,"href":"https:\/\/vectalia.es\/fr\/wp-json\/wp\/v2\/pages\/35176\/revisions\/35182"}],"wp:attachment":[{"href":"https:\/\/vectalia.es\/fr\/wp-json\/wp\/v2\/media?parent=35176"}],"curies":[{"name":"wp","href":"https:\/\/api.w.org\/{rel}","templated":true}]}}